{"id":72,"date":"2018-09-12T21:06:03","date_gmt":"2018-09-12T21:06:03","guid":{"rendered":"https:\/\/viamental.ch\/?page_id=72"},"modified":"2023-05-20T17:51:13","modified_gmt":"2023-05-20T16:51:13","slug":"coaching","status":"publish","type":"page","link":"https:\/\/viamental.ch\/index.php\/coaching\/","title":{"rendered":"Coaching"},"content":{"rendered":"<p>[et_pb_section fb_built=&#8220;1&#8243; _builder_version=&#8220;3.22&#8243; background_image=&#8220;https:\/\/viamental.ch\/wp-content\/uploads\/2019\/11\/h_4leaf.jpg&#8220; parallax=&#8220;on&#8220; parallax_method=&#8220;off&#8220; global_colors_info=&#8220;{}&#8220;][et_pb_row _builder_version=&#8220;3.25&#8243; global_colors_info=&#8220;{}&#8220;][et_pb_column type=&#8220;4_4&#8243; _builder_version=&#8220;3.25&#8243; custom_padding=&#8220;|||&#8220; global_colors_info=&#8220;{}&#8220; custom_padding__hover=&#8220;|||&#8220;][et_pb_divider show_divider=&#8220;off&#8220; _builder_version=&#8220;3.7&#8243; global_colors_info=&#8220;{}&#8220;][\/et_pb_divider][et_pb_text _builder_version=&#8220;3.27.4&#8243; text_text_color=&#8220;#ffffff&#8220; background_color=&#8220;rgba(0,0,0,0.4)&#8220; text_orientation=&#8220;center&#8220; background_layout=&#8220;dark&#8220; custom_padding=&#8220;30px|30px|30px|30px&#8220; border_radii=&#8220;on|30px|30px|30px|30px&#8220; border_color_all=&#8220;#ffffff&#8220; global_colors_info=&#8220;{}&#8220;]<\/p>\n<h3 style=\"text-align: center;\">&#8222;Die schwierigste Zeit in unserem Leben ist die beste Gelegenheit, innere St\u00e4rke zu entwickeln&#8220;<\/h3>\n<p style=\"text-align: center;\">Dalai Lama<\/p>\n<p>[\/et_pb_text][et_pb_divider show_divider=&#8220;off&#8220; _builder_version=&#8220;3.7&#8243; global_colors_info=&#8220;{}&#8220;][\/et_pb_divider][\/et_pb_column][\/et_pb_row][\/et_pb_section][et_pb_section fb_built=&#8220;1&#8243; _builder_version=&#8220;3.22&#8243; global_colors_info=&#8220;{}&#8220;][et_pb_row _builder_version=&#8220;3.25&#8243; background_size=&#8220;initial&#8220; background_position=&#8220;top_left&#8220; background_repeat=&#8220;repeat&#8220; global_colors_info=&#8220;{}&#8220; column_structure=&#8220;2_3,1_3&#8243;][et_pb_column type=&#8220;2_3&#8243; _builder_version=&#8220;3.25&#8243; custom_padding=&#8220;|||&#8220; global_colors_info=&#8220;{}&#8220; custom_padding__hover=&#8220;|||&#8220;][et_pb_text _builder_version=&#8220;3.27.4&#8243; global_colors_info=&#8220;{}&#8220;]<\/p>\n<h2>Coaching<\/h2>\n<p>ist ein individueller Prozess, um pers\u00f6nliche und berufliche Perspektiven zu kl\u00e4ren, um Konflikte am Arbeitsplatz oder im privaten Bereich zu l\u00f6sen sowie einen sinnvollen Karriere- und Lebensweg zu gestalten.<\/p>\n<p>Der Coach unterst\u00fctzt und begleitet Menschen auf ihrem ganz individuellen Weg sich weiter zu entwickeln.<\/p>\n<p>[\/et_pb_text][\/et_pb_column][et_pb_column type=&#8220;1_3&#8243; _builder_version=&#8220;3.25&#8243; custom_padding=&#8220;|||&#8220; global_colors_info=&#8220;{}&#8220; custom_padding__hover=&#8220;|||&#8220;][et_pb_image src=&#8220;https:\/\/viamental.ch\/wp-content\/uploads\/2018\/06\/002-help.png&#8220; align_tablet=&#8220;center&#8220; align_last_edited=&#8220;on|desktop&#8220; _builder_version=&#8220;3.23&#8243; global_colors_info=&#8220;{}&#8220; align_phone=&#8220;center&#8220;][\/et_pb_image][\/et_pb_column][\/et_pb_row][\/et_pb_section][et_pb_section fb_built=&#8220;1&#8243; prev_background_color=&#8220;#ffffff&#8220; _builder_version=&#8220;3.22&#8243; background_color=&#8220;rgba(103,191,181,0.1)&#8220; top_divider_style=&#8220;arrow&#8220; global_colors_info=&#8220;{}&#8220;][et_pb_row _builder_version=&#8220;3.25&#8243; background_size=&#8220;initial&#8220; background_position=&#8220;top_left&#8220; background_repeat=&#8220;repeat&#8220; global_colors_info=&#8220;{}&#8220;][et_pb_column type=&#8220;4_4&#8243; _builder_version=&#8220;3.25&#8243; custom_padding=&#8220;|||&#8220; global_colors_info=&#8220;{}&#8220; custom_padding__hover=&#8220;|||&#8220;][et_pb_text _builder_version=&#8220;3.27.4&#8243; global_colors_info=&#8220;{}&#8220;]<\/p>\n<h2>Unterst\u00fctzung bei<\/h2>\n<p>[\/et_pb_text][et_pb_accordion _builder_version=&#8220;3.7&#8243; global_colors_info=&#8220;{}&#8220;][et_pb_accordion_item title=&#8220;Beziehungen&#8220; _builder_version=&#8220;3.7&#8243; global_colors_info=&#8220;{}&#8220; open=&#8220;on&#8220;]<\/p>\n<p>Liebe kann Inspiration, Begeisterung, Geborgenheit und Vertrauen in unser Leben bringen. Sie kann uns verzaubern und die kostbarste Erfahrung in unserem Leben sein. Liebe ist Alles.<\/p>\n<p>Die Gef\u00fchle des Liebes-Gl\u00fccks sind gross und befl\u00fcgelnd. Ebenso schmerzvoll ist es, wenn die Liebe geht.<\/p>\n<p>Es tut weh, wenn wir uns von einem geliebten Menschen verlassen f\u00fchlen, oder wenn wir sp\u00fcren, dass das Feuer in unserem Herzen erloschen ist. Wir f\u00fchlen Trauer &#8211; vielleicht sogar Wut. Manchmal l\u00e4hmt auch einfach der Schock des Erlebten. Wir sp\u00fcren, dass wir lernen m\u00fcssen los zulassen, wollen dies aber vielleicht einfach noch nicht wahrhaben. Wir sind verzweifelt.<\/p>\n<p>Auch schleichende Prozesse k\u00f6nnen das Ende einer grossen Liebe einleiten. Immer wieder geschieht es, dass die Lebendigkeit und die Liebe in unserer Partnerschaft dahin sinken und die Beziehung im Alltag versandet. Manchmal sind es auch Verletzungen, die uns daran hindern, der Partnerschaft wieder mit offenem Herzen zu begegnen. Oft fehlt uns in solchen Momenten die Kraft, um ohne Unterst\u00fctzung weiter zu gehen.<\/p>\n<p>Mit viel Sorgfalt begleite ich Sie im Beziehungscoaching &#8211; individuell und ganz auf Ihre Bed\u00fcrfnisse ausgerichtet, sei es auf dem Weg des Annehmens, des Entdeckens, des Heilens &#8211; oder des Loslassen Ihrer grossen Liebe.<\/p>\n<p>[\/et_pb_accordion_item][et_pb_accordion_item title=&#8220;Fehlgeburt oder Todgeburt&#8220; _builder_version=&#8220;3.7&#8243; global_colors_info=&#8220;{}&#8220; open=&#8220;off&#8220;]<\/p>\n<p>Die Best\u00e4tigung einer Schwangerschaft ist ein selbst ausl\u00f6sendes Feuerwerk der guten Gef\u00fchle. Doch kaum ist es sichtbar oder h\u00f6rbar per Ultraschall ist der ganze Traum schon vorbei. Das Herz des Babys hat aufgeh\u00f6rt zu schlagen oder das Baby hat sich nicht weiterentwickelt. Ein schlimmer Alptraum f\u00fcr jede Mutter und jeden Vater.<\/p>\n<p>Die meisten Fehlgeburten finden zwischen der 6. und der 10. Schwangerschaftswoche statt. 20% der Schwangerschaften enden mit einer Fehlgeburt.<\/p>\n<p>Vielleicht haben Sie es selbst gesp\u00fcrt das etwas nicht in Ordnung ist mit Ihrem Baby oder Sie werden von Ihren Arzt mit dieser Nachricht \u00fcberrascht. In diesem Moment bricht eine Welt zusammen. Sie werden von Gef\u00fchlen wie Ohnmacht, Unverst\u00e4ndnis, Leere, Bet\u00e4ubung und Trauer \u00fcberw\u00e4ltigt.<\/p>\n<p>Sie f\u00fchlen sich vielleicht schuldig oder nicht verstanden, so viele Fragen und Gedanken h\u00e4ufen sich in diesem Schockzustand und Sie wissen nicht mehr weiter. Eine allf\u00e4llige Ausschabung kann zum zweiten Albtraum werden.<\/p>\n<p><strong>Die Totgeburt<\/strong><\/p>\n<p>Sie haben Ihr Kind mehrere Wochen bis Monate im Bauch getragen, sich auf die bevorstehende Geburt gefreut und schlagartig ver\u00e4ndert sich alles. Das Baby bewegt sich nicht mehr. Das Herz schl\u00e4gt nicht mehr. Der Boden unter Ihren F\u00fcssen wird weggezogen und Sie befinden sich in einem fassungslosen Schwebezustand, begleitet von Nebenger\u00e4uschen die Ihnen v\u00f6llig absurd erscheinen.<\/p>\n<p>Dies ist die schlimmste Nachricht ihres Lebens.<\/p>\n<p>Noch in diesem Zustand versucht man Ihnen zu erkl\u00e4ren dass Sie das Baby das sich vor kurzem noch ganz lebendig bewegt hatte jetzt Tot geb\u00e4ren m\u00fcssen.<\/p>\n<p>Auch wenn Sie in diesem Schockzustand f\u00fcr diesen Vorgang kein Verst\u00e4ndnis aufbringen k\u00f6nnen, ist es zu empfehlen das Kind vaginal zu Geb\u00e4ren.<\/p>\n<p>Eine sogenannte stille Geburt wird eingeleitet.<\/p>\n<p>Ihr Herz droht zu platzen vor Hilflosigkeit. Doch die stille Geburt hilft ihnen die Trauer zu verarbeiten in dem Sie Ihr Kind bewusst zur Welt bringen so wie es vorgesehen war. Die Gewissheit Ihr Baby in den Armen gehalten und an sich gedr\u00fcckt zu haben unterst\u00fctzt Sie beim Trauerprozess. Ihr Baby bewusst empfangen und vielleicht mit einem Foto diesen Moment zu verewigen um sich an seiner Existenz zu erinnern, das kann Ihnen helfen den Zustand der Leere und Ohnmacht zu verarbeiten.<\/p>\n<p>Eine Seelsorge, der Arzt oder ein Gespr\u00e4ch mit der Hebamme kann Ihnen ebenfalls helfen.<\/p>\n<p>Nutzen Sie bitte alle M\u00f6glichkeiten die Ihnen gut tun.<\/p>\n<p>Nehmen Sie sich Zeit die Fehlgeburt oder Totgeburt zu verarbeiten.<\/p>\n<p>Vergraben Sie den Schmerz nicht in Ihrem K\u00f6rper, dies kann gesundheitliche Folgen haben f\u00fcr Ihren K\u00f6rper und Ihre Psyche.<\/p>\n<p><strong>Trauer nach Fehlgeburt oder Totgeburt<\/strong><\/p>\n<p>Abschied nehmen vom verstorbenen Kind.<\/p>\n<p>Eine Fehlgeburt oder Totgeburt wird immer noch oft in der Gesellschaft als \u201enicht so schlimm\u201c abgetan.<\/p>\n<p>Das Kind war nicht geboren oder im Bauch gestorben und f\u00fcr die Aussenwelt nicht greifbar. Aber f\u00fcr Sie als Mutter hat dieses Kind vom ersten Schwangerschaftstest an schon existiert. Sie haben es auf dem Ultraschallbild gesehen, Sie haben seine Bewegungen vielleicht in Ihrem Bauch gesp\u00fcrt. Sie haben diese Gl\u00fccksgef\u00fchle gesp\u00fcrt, die Vorfreude auf die erste Begegnung erlebt und erste Pl\u00e4ne geschmiedet. F\u00fcr Sie ist es nicht wichtig in welcher Woche Ihr Kind gestorben ist, sondern das es gestorben ist.<\/p>\n<p>Es ist ein Todesfall und dieser darf betrauert werden.<\/p>\n<p>Nehmen Sie sich bitte die n\u00f6tige Zeit, um zu trauern.<\/p>\n<p>Auch wenn alle diese schmerzhaften Gef\u00fchle Sie zu erdr\u00fccken scheinen, lassen Sie es zu. Ihr K\u00f6rper und Ihre Psyche macht einen gewaltigen Schock durch, es braucht Zeit und Mut diesen Zustand zu tolerieren. Holen Sie sich die Unterst\u00fctzung die Sie brauchen um Ihr Kind zu verabschieden, Ihre Gef\u00fchle zu sortieren und Ihr Leben selbst in die H\u00e4nde zu nehmen.<\/p>\n<p>Einen Todesfall hat kein Ablaufdatum f\u00fcr die Trauer.<\/p>\n<p>Die Trauerzeit ist individuell. Lassen Sie sich nicht dr\u00e4ngen von den Beispielen Anderer. Sie sp\u00fcren selbst was Sie brauchen und wie es Ihnen geht.<\/p>\n<p>Die Verarbeitung von Fehlgeburten und Totgeburten ist mir ein besonderes Anliegen. Nur wer das Gef\u00fchl erlebt hat\u00a0 \u201eein Kind verloren zu haben\u201c weiss wie schmerzhaft es ist, und trotzdem ist kein Schmerz wie der andere.<\/p>\n<p>Gerne begleite ich Sie auf dem Weg zum Abschied vom Ihrem Kind und wieder zur\u00fcck ins jetzige Leben.<\/p>\n<p>[\/et_pb_accordion_item][et_pb_accordion_item title=&#8220;Geburtstrauma&#8220; _builder_version=&#8220;3.7&#8243; global_colors_info=&#8220;{}&#8220; open=&#8220;off&#8220;]<\/p>\n<p>Sie haben ein Kind geboren und die Geburt ist leider nicht so verlaufen, wie Sie sich das w\u00fcnschten? Lieber gar nicht daran denken, weil es f\u00fcr Sie so schlimm war? Sie sp\u00fcrten Hilflosigkeit, Schmerzen f\u00fchlten sich allein und im Stich gelassen? Bekamen sp\u00e4ter Schamgef\u00fchle oder Schuldgef\u00fchle gegen\u00fcber dem Kind? Sie sp\u00fcren, dass Ihre Verbindung zu Ihrem Kind durch dieses Erlebnis negativ gepr\u00e4gt ist? Sie w\u00fcnschen sich ein zweites Kind und diese belastenden Erinnerungen werden beim Gedanken daran st\u00e4rker?<\/p>\n<p>Sie m\u00f6chten Ihr Geburtstrauma verarbeiten?<\/p>\n<p>Mit Hypnose finden wir den sanften Weg f\u00fcr die Verarbeitung des Geschehens. Schritt f\u00fcr Schritt in ihrem eigenen Tempo.<\/p>\n<p>Gern begleite ich Sie einf\u00fchlsam durch diese Ereignisse der Geburt und um die Geburt:<\/p>\n<ul>\n<li>damit Sie sich wertvoll und frei f\u00fchlen<\/li>\n<li>damit Sie wieder in der Gegenwart ankommen<\/li>\n<li>damit Ihre Verbindung zu Ihrem Kind besser wird<\/li>\n<li>damit Sie sich freuen k\u00f6nnen beim Gedanken an ein weiteres Kind<\/li>\n<\/ul>\n<p><strong>Was bedeutet Trauma?<\/strong><\/p>\n<p>Das Wort Trauma kommt aus dem Griechischen und bedeutet die Wunde. Im \u00fcbertragenden Sinne also die Wunde auf der Seele. Eine seelische Verletzung mit oft k\u00f6rperlichen Auswirkungen. Ein Trauma erzeugt bei den Betroffenen eine immer wiederkehrende Angst, welche oft als Schw\u00e4che und Machtlosigkeit empfunden wird.<\/p>\n<p><strong>Geburtstrauma<\/strong><\/p>\n<p>Ein Geburtstrauma kann in folgenden Situationen entstehen:<\/p>\n<ul>\n<li>Angst vor den Wehen<\/li>\n<li>Langwieriger Verlauf der Geburt<\/li>\n<li>Notkaiserschnitt<\/li>\n<li>Angst um das Leben des Kindes<\/li>\n<li>Geburt mit Saugglocke<\/li>\n<li>Gewaltaus\u00fcbung durch das Personal oder Partner<\/li>\n<li>Missachtung der W\u00fcrde durch das Personal oder Partner<\/li>\n<\/ul>\n<p><strong>Eventuelle Folgen einer negativen Geburtserfahrung<\/strong><\/p>\n<p>Die Betroffenen f\u00fchlen sich gefangen in diesen belastenden Erinnerungen. Gef\u00fchle wie Schuld, Scham oder Wut k\u00f6nnen entstehen. Manchmal kann es zur Ablehnung des Babys oder Wut auf das Baby kommen.<\/p>\n<p>In den ersten Wochen nach der Geburt sind viele M\u00fctter, k\u00f6rperlich ausgelaugt und seelisch rastlos. Sie f\u00fchlen sich zur Freude verpflichtet wobei die Schuld- und Schamgef\u00fchle mit jedem Gedanken an das Geburtstrauma zunehmen.<\/p>\n<p>Trauma kann sich bemerkbar machen durch:<\/p>\n<ul>\n<li>k\u00f6rperliche z.B. Schlaflosigkeit, Muskelanspannung, Schmerzen<\/li>\n<li>Angstst\u00f6rungen \/ Panik<\/li>\n<li>Depression<\/li>\n<li>gehemmte Verbindung zum Kind<\/li>\n<li>Ablehnung des Partners<\/li>\n<li>Aggressivit\u00e4t<\/li>\n<li>Schwierigkeiten in der Sinnfindung<\/li>\n<\/ul>\n<p><strong>Geburtstrauma bei den M\u00e4nnern?<\/strong><\/p>\n<p>Gelegentlich haben auch M\u00e4nner ein Geburtstrauma. H\u00e4ufig f\u00fchlen sich M\u00e4nner w\u00e4hrend der Geburt hilflos, machtlos, gehemmt oder unf\u00e4hig seiner Partnerin ein unterst\u00fctzender Geburtshelfer zu sein.<\/p>\n<p>Ein Geburtstrauma beim Mann kann mit einer Einzel- oder gemeinsamen Hypnosesitzung mit der Partnerin verarbeitet und beseitigt werden.<\/p>\n<p>[\/et_pb_accordion_item][et_pb_accordion_item title=&#8220;Kinderwunsch&#8220; open=&#8220;off&#8220; _builder_version=&#8220;3.7&#8243; global_colors_info=&#8220;{}&#8220;]<\/p>\n<p>Stehen Sie am Anfang Ihrer Kinderwunschreise?<br \/>Oder stehen Sie mitten im Kinderwunsch-Marathon?<\/p>\n<p>Jedes siebte Paar in der Schweiz lebt mit einem unerf\u00fcllten Kinderwunsch. Ursachen daf\u00fcr gibt es zahlreiche. Tun kann man auch etliches. <br \/>Das Angebot an medizinischen Hilfeleistungen im In- und Ausland ist so gross wie noch nie. Ca. 30 % der Paaren, die einen unerf\u00fcllten Kinderwunsch haben, nehmen zus\u00e4tzlich alternative Unterst\u00fctzung und Hilfe in Anspruch.<\/p>\n<p>Diese Paare stellen sich unz\u00e4hlige Fragen und bekommen oft keine klare Antwort. Der Weg f\u00fchrt \u00fcber verschiedene medizinische notwendige Abkl\u00e4rungen. Oft findet man Gr\u00fcnde f\u00fcr die ungewollte Kinderlosigkeit, manchmal auch nicht. H\u00e4ufig sind es tief verankerte Blockaden und \u00c4ngste, welche uns nicht bewusst sind, die unserem Wunschkind im Wege stehen. Es bleibt dann bei der so oft bezeichneten &#8222;unerkl\u00e4rten Unfruchtbarkeit&#8220;.<\/p>\n<p>Die Informationen auf diesem Gebiet sind jederzeit abrufbar, von Webseiten \u00fcber B\u00fccher, Foren, Zeitschriften, usw.<br \/>Im Dschungel der Informationen den Durchblick zu bewahren, f\u00e4llt h\u00e4ufig schwer. Ein bisschen st\u00f6bern ist ok, doch denken Sie daran:<br \/>Ihre Kinderwunschreise ist absolut individuell und einmalig.<br \/>Die Verbindung zwischen Medizin, Mentale Begleitung und Beratung tr\u00e4gt wesentlich zum Kinderwunsch Erfolg bei.<\/p>\n<p>Ihre individuelle Reise ist mir ein Anliegen. Ich begleite Sie mental und emotional durch diese Reise. Mit gezielter Unterst\u00fctzung finden Sie den Weg zu Ihrem Wunschkind.<\/p>\n<p>Auf das k\u00f6nnen Sie sich freuen:<\/p>\n<ul>\n<li>unabh\u00e4ngige Beratung, Ehrlichkeit, keine Verpflichtungen<\/li>\n<li>Begleitung von Paaren, gleichgeschlechtlicher Paare und Einzelpersonen, die einen unerf\u00fcllten Kinderwunsch haben<\/li>\n<li>Begleitung bei medizinischem Prozesse, IUI Insemination, IVF In Vitro Fertilisation, Embryotransfer, Eizellspende, Samenspende<\/li>\n<li>Begleitung bei Adoption- und Pflegekind Prozesse<\/li>\n<li>Verarbeitung von Fehl- und Totgeburten<\/li>\n<li>Gezielte individuelle Planung, Ziele definieren, Entscheidungsfindung<\/li>\n<li>Tools erlernen, um mit anspruchsvollen Situationen umzugehen<\/li>\n<li>Begleitung und St\u00e4rkung der Partnerschaft<\/li>\n<li>Gesundheit &amp; Beruf in Einklang bringen<\/li>\n<li>Kinderwunsch und Soziales Leben managen<\/li>\n<li>\u00c4ngste\/Phobien aufl\u00f6sen<\/li>\n<li>Stress und Druck abbauen<\/li>\n<li>Ressourcen erkennen, aktivieren und st\u00e4rken<\/li>\n<\/ul>\n<p>Mit dem Coaching erfahren Sie ihren K\u00f6rper und ihre Psyche in Balance zu bringen und halten. Gezielt, sanft und selbstbestimmt. \u00c4ngste, Druck und Stress werden systematisch abgebaut. Alles Belastende wird verarbeitet und neutralisiert. Der Fokus wird nach vorne und zum Ziel gerichtet. Die Implementierung der guten Gef\u00fchle beim Gedanken an die Erf\u00fcllung Ihrem Kinderwunsch wird so stark einprogrammiert, dass Sie wieder l\u00e4chelnd durch den Tag gehen werden, bis Ihr Kind bei Ihnen ist.<\/p>\n<p>[\/et_pb_accordion_item][et_pb_accordion_item title=&#8220;Kinder und Jugendliche&#8220; _builder_version=&#8220;3.7&#8243; global_colors_info=&#8220;{}&#8220; open=&#8220;off&#8220;]<\/p>\n<p>Jedes Kind ist einzigartig und besitzt pers\u00f6nliche Ressourcen. Die Eltern leisten den gr\u00f6ssten und wichtigsten Beitrag bei der Entwicklung dieser Ressourcen. Damit das Reservoir an Potential angewandt werden kann, braucht es die gezielte F\u00f6rderung. Erst dann kann es sich auch entfalten!<\/p>\n<p>Mit einem gezielten Kurzzeitcoaching, werden Blockaden gel\u00f6st, das Selbstvertrauen und die Eigenmotivation gest\u00e4rkt.\u00a0Somit f\u00e4llt der Alltag wieder leichter.<\/p>\n<p>Was k\u00f6nnen wir tun wenn,<\/p>\n<ul>\n<li>unser Kind in der Schule immer schlechter wird, obwohl es das Potenzial h\u00e4tte, besser zu sein?<\/li>\n<li>sich immer \u00f6fter negative Gef\u00fchle in Bezug auf Schule und Lernen ausbreiten?<\/li>\n<li>sich unser Kind selbst im Weg steht?<\/li>\n<li>unser Kind oft zappelig und unaufmerksam ist?<\/li>\n<li>auff\u00e4llig agressiv und\/oder traurig ist?<\/li>\n<\/ul>\n<p>Pr\u00fcfungs\u00e4ngste, Konzentrationsschwierigkeiten, Motivationslosigkeit, Lernblockaden und Konflikte dominieren bei Kindern oft das soziale Umfeld und den Schulalltag. Diese negativen Ereignisse f\u00fchren zur Belastungen die oft \u00c4ngste und Blockaden ausl\u00f6sen.<\/p>\n<p>Die L\u00f6sung dieser Belastungen ist die gezielte F\u00f6rderung durch individuelles Coaching f\u00fcr die Ziele und Bed\u00fcrfnisse ihres Kindes.<\/p>\n<p>Die F\u00e4higkeit die eigenen Ressourcen bewusst zu sp\u00fcren und zu erkennen l\u00e4sst das Selbstvertrauen steigen. Die Potenziale werden aufgeweckt und gezielt eingesetzt. Die Lernmotivation steigt und das Gl\u00fccksgef\u00fchl stehlt sich ein. Mit den erlernten Instrumenten zur Selbsthilfe kann ihr Kind die Zukunft mit Freude angehen.<\/p>\n<p>Ihr Kind ist den sozialen und schulischen Herausforderungen besser gewachsen. Handelt bei Probleme ziel- und l\u00f6sungsorientiert kann diese nachhaltig bew\u00e4ltigen und gewinnt an Selbstvertrauen.<\/p>\n<p>Zusammen mit Ihrem Kind entwickeln wir positive und motivierende Ziele f\u00fcr die Zukunft.<\/p>\n<p>W\u00e4hrend der Coaching-Sitzung arbeite ich mit dem Kind alleine \u2013 Nachgespr\u00e4che mit den Eltern sind selbstverst\u00e4ndlich.<\/p>\n<p>&nbsp;<\/p>\n<p><strong>Nutzen f\u00fcr die Kinder und Jugendlichen<\/strong><\/p>\n<ul>\n<li>Mehr innere Ruhe und Ausgeglichenheit<\/li>\n<li>Entspannungs- und Regenerations\u00fcbungen<\/li>\n<li>Die Konzentration in Schule und Alltag verbessern<\/li>\n<li>Lernblockaden selber l\u00f6sen<\/li>\n<li>Die eigene, nat\u00fcrliche St\u00e4rke zur\u00fcck gewinnen<\/li>\n<li>Das Selbstvertrauen und Selbstwertgef\u00fchl st\u00e4rken<\/li>\n<li>Sorgen, Probleme, Blockaden kreativ aufl\u00f6sen<\/li>\n<li>Zugang zu bildhaftem Denken<\/li>\n<li>Sensibilisierung der Wahrnehmung<\/li>\n<li>Vertrauen auf die innere Stimme<\/li>\n<li>Achtsamkeit verst\u00e4rken im Umgang mit Mitmenschen und mit sich selber<\/li>\n<li>Realisierbare Ziele setzen und diese erreichen<\/li>\n<\/ul>\n<p>[\/et_pb_accordion_item][et_pb_accordion_item title=&#8220;Trennung&#8220; _builder_version=&#8220;3.7&#8243; global_colors_info=&#8220;{}&#8220; open=&#8220;off&#8220;]<\/p>\n<p>Die Trennungsberatung setzt sich mit den unterschiedlichsten Verletzungen auseinander, die w\u00e4hrend einer Trennungsphase entstehen k\u00f6nnen. Gerade nach langj\u00e4hrigen Partnerschaften sind die Verletzungen oft sehr gross und bed\u00fcrfen der Nachbearbeitung. Eine Beratung\/Begleitung hat zum Ziel die Verarbeitung der Trauer und des Schmerzes nach einer Trennung. Weiter kann sie Teil der Vorbereitung eines w\u00fcrdigen Abschiedes voneinander sein.<\/p>\n<p>Solche Entwicklungsschritte sind in jedem Fall wichtig, besonders wenn Kinder betroffen sind. Diese leiden h\u00e4ufig am meisten unter der Trennung der Eltern.<\/p>\n<p>Nicht jede grosse Liebe braucht ein Happy End!<\/p>\n<p>Das ist nicht immer ganz einfach. Verletzungen schmerzen, Entt\u00e4uschungen haben Narben hinterlassen, das Vertrauen ist gebrochen.<\/p>\n<p>Wie wir dieses Leben verbringen wollen, ob mit Groll im Herzen &#8211; oder wieder frei um neues Gl\u00fcck anzuziehen &#8211;\u00a0 ist unsere Entscheidung.<br \/>Den Zeitpunkt dazu w\u00e4hlen wir selbst.<\/p>\n<p>Mit einem individuellen Coaching begleite ich Sie durch st\u00fcrmische Zeiten und auf dem Weg zu sich und um wieder Neuland zu entdecken.<\/p>\n<p>[\/et_pb_accordion_item][\/et_pb_accordion][\/et_pb_column][\/et_pb_row][\/et_pb_section][et_pb_section fb_built=&#8220;1&#8243; module_id=&#8220;kontakt&#8220; _builder_version=&#8220;3.7&#8243; background_color=&#8220;#67bfb5&#8243; global_module=&#8220;219&#8243; global_colors_info=&#8220;{}&#8220;][et_pb_row column_structure=&#8220;1_3,2_3&#8243; _builder_version=&#8220;3.25&#8243; module_alignment=&#8220;center&#8220; border_radii=&#8220;on|30px|30px|30px|30px&#8220; global_colors_info=&#8220;{}&#8220;][et_pb_column type=&#8220;1_3&#8243; _builder_version=&#8220;3.25&#8243; custom_padding=&#8220;|||&#8220; global_colors_info=&#8220;{}&#8220; custom_padding__hover=&#8220;|||&#8220;][et_pb_text _builder_version=&#8220;3.27.4&#8243; header_text_color=&#8220;#ffffff&#8220; background_layout=&#8220;dark&#8220; global_colors_info=&#8220;{}&#8220;]<\/p>\n<h2>Kontakt<\/h2>\n<p>[\/et_pb_text][et_pb_text _builder_version=&#8220;4.14.7&#8243; text_text_color=&#8220;#ffffff&#8220; background_layout=&#8220;dark&#8220; hover_enabled=&#8220;0&#8243; global_colors_info=&#8220;{}&#8220; sticky_enabled=&#8220;0&#8243;]ViaMental<\/p>\n<p>Signalstrasse 17<\/p>\n<p>9400 Rorschach<\/p>\n<p>Tel.: <a style=\"color: white;\" href=\"callto:+41 78 797 50 45\">+41 78 797 50 45<\/a><\/p>\n<p>Mail: <a style=\"color: white;\" href=\"mailto:info@viamental.ch\">info@viamental.ch<\/a>[\/et_pb_text][\/et_pb_column][et_pb_column type=&#8220;2_3&#8243; _builder_version=&#8220;3.25&#8243; custom_padding=&#8220;|||&#8220; global_colors_info=&#8220;{}&#8220; custom_padding__hover=&#8220;|||&#8220;][et_pb_image src=&#8220;https:\/\/viamental.ch\/wp-content\/uploads\/2018\/11\/map.jpg&#8220; align_tablet=&#8220;center&#8220; align_phone=&#8220;&#8220; align_last_edited=&#8220;on|desktop&#8220; _builder_version=&#8220;3.23&#8243; global_colors_info=&#8220;{}&#8220;][\/et_pb_image][\/et_pb_column][\/et_pb_row][\/et_pb_section]<\/p>\n","protected":false},"excerpt":{"rendered":"<p>&#8222;Die schwierigste Zeit in unserem Leben ist die beste Gelegenheit, innere St\u00e4rke zu entwickeln&#8220; Dalai Lama Coaching ist ein individueller Prozess, um pers\u00f6nliche und berufliche Perspektiven zu kl\u00e4ren, um Konflikte am Arbeitsplatz oder im privaten Bereich zu l\u00f6sen sowie einen sinnvollen Karriere- und Lebensweg zu gestalten. Der Coach unterst\u00fctzt und begleitet Menschen auf ihrem ganz [&hellip;]<\/p>\n","protected":false},"author":2,"featured_media":0,"parent":0,"menu_order":0,"comment_status":"closed","ping_status":"closed","template":"","meta":{"_et_pb_use_builder":"on","_et_pb_old_content":"","_et_gb_content_width":""},"_links":{"self":[{"href":"https:\/\/viamental.ch\/index.php\/wp-json\/wp\/v2\/pages\/72"}],"collection":[{"href":"https:\/\/viamental.ch\/index.php\/wp-json\/wp\/v2\/pages"}],"about":[{"href":"https:\/\/viamental.ch\/index.php\/wp-json\/wp\/v2\/types\/page"}],"author":[{"embeddable":true,"href":"https:\/\/viamental.ch\/index.php\/wp-json\/wp\/v2\/users\/2"}],"replies":[{"embeddable":true,"href":"https:\/\/viamental.ch\/index.php\/wp-json\/wp\/v2\/comments?post=72"}],"version-history":[{"count":44,"href":"https:\/\/viamental.ch\/index.php\/wp-json\/wp\/v2\/pages\/72\/revisions"}],"predecessor-version":[{"id":596,"href":"https:\/\/viamental.ch\/index.php\/wp-json\/wp\/v2\/pages\/72\/revisions\/596"}],"wp:attachment":[{"href":"https:\/\/viamental.ch\/index.php\/wp-json\/wp\/v2\/media?parent=72"}],"curies":[{"name":"wp","href":"https:\/\/api.w.org\/{rel}","templated":true}]}}