{"id":180,"date":"2018-09-24T19:44:00","date_gmt":"2018-09-24T19:44:00","guid":{"rendered":"https:\/\/viamental.ch\/?page_id=180"},"modified":"2018-11-01T18:01:03","modified_gmt":"2018-11-01T18:01:03","slug":"allgemeinde-geschaeftsbedingungen","status":"publish","type":"page","link":"https:\/\/viamental.ch\/index.php\/allgemeinde-geschaeftsbedingungen\/","title":{"rendered":"Allgemeine Gesch\u00e4ftsbedingungen"},"content":{"rendered":"<p>[et_pb_section fb_built=&#8220;1&#8243; prev_background_color=&#8220;#ffffff&#8220; _builder_version=&#8220;3.7&#8243; background_color=&#8220;rgba(103,191,181,0.1)&#8220; top_divider_style=&#8220;arrow&#8220;][et_pb_row _builder_version=&#8220;3.0.48&#8243; background_size=&#8220;initial&#8220; background_position=&#8220;top_left&#8220; background_repeat=&#8220;repeat&#8220;][et_pb_column type=&#8220;4_4&#8243; _builder_version=&#8220;3.0.47&#8243; parallax=&#8220;off&#8220; parallax_method=&#8220;on&#8220;][et_pb_text _builder_version=&#8220;3.7&#8243;]<\/p>\n<h2>Allgemeine Gesch\u00e4ftsbedingungen<\/h2>\n<p>[\/et_pb_text][et_pb_text _builder_version=&#8220;3.7&#8243;]<\/p>\n<h4>Generelles<\/h4>\n<p>Ich best\u00e4tige mit meiner Anmeldung, dass ich mich f\u00fcr den Geburtsvorbereitungskurs aus freien St\u00fccken einschreibe mit dem Verst\u00e4ndnis, dass dieser Kurs dazu dient mir u.a. beizubringen meine eigenen F\u00e4higkeiten einzusetzen, um mich und meinen K\u00f6rper in einen Zustand der Entspannung zu versetzen. Ich bin mir bewusst, dass ich bei gesundheitlichen Fragen betreffend meiner Schwangerschaft, den Wehen oder der Geburt einen Arzt aufsuchen muss. Ich verpflichte mich deshalb, dass ich weder die Kursleiterin, das Institut, den Inhaber, noch dessen Vertreter in irgend einer Weise f\u00fcr allf\u00e4llige Komplikationen, die aufgrund meiner Schwangerschaft, den Wehen oder der Geburt auftreten k\u00f6nnten, verantwortlich machen werde.<\/p>\n<h4><\/h4>\n<h4>Anmeldung<\/h4>\n<div class=\"page\" title=\"Page 1\">\n<div class=\"layoutArea\">\n<div class=\"column\">\n<p>Ab Eingang der Anmeldung gilt der Kursplatz als gebucht.<\/p>\n<h4><\/h4>\n<h4>Leistungen<\/h4>\n<p>Im Kurspreis sind folgende Leistungen von unserer Seite enthalten:<\/p>\n<p>&nbsp;<\/p>\n<div class=\"page\" title=\"Page 1\">\n<div class=\"layoutArea\">\n<div class=\"column\">\n<div class=\"page\" title=\"Page 1\">\n<div class=\"layoutArea\">\n<div class=\"column\">\n<ul>\n<li>Training f\u00fcr Mutter und Begleitung<\/li>\n<li>\u00dcbungen zum Kurs<\/li>\n<li>professionell ausgebildete Kursleitung<\/li>\n<li>umfangreiche Kursunterlagen<\/li>\n<li>Entspannungs-CD mit exklusiven Aufnahmen<\/li>\n<li>Mineralwasser, Kaffee, Tee und kleine Snacks w\u00e4hrend des Kurses<\/li>\n<li>pers\u00f6nliches Training in Kleingruppen maximal 3 Paare resp. Einzelcoaching nach Vereinbarung<\/li>\n<\/ul>\n<h4><\/h4>\n<h4>Zahlung<\/h4>\n<div class=\"page\" title=\"Page 1\">\n<div class=\"layoutArea\">\n<div class=\"column\">\n<p>Die Kursgeb\u00fchr ist bis sp\u00e4testens 14 Tage vor Kursbeginn einzuzahlen. Auf Mahnungen werden CHF 30.- Bearbeitungsgeb\u00fchr erhoben. S\u00e4mtliche Bankgeb\u00fchren gehen zu Lasten des Teilnehmenden.<\/p>\n<div class=\"page\" title=\"Page 1\">\n<div class=\"layoutArea\">\n<div class=\"column\">\n<h4><\/h4>\n<h4>Annulationsbestimmungen<\/h4>\n<div class=\"page\" title=\"Page 1\">\n<div class=\"layoutArea\">\n<div class=\"column\">\n<p>F\u00fcr jede Annullation wird eine Unkostenpauschale von CHF 50.- in Rechnung gestellt. Erfolgt der R\u00fccktritt 4 bis 2 Wochen vor Kursbeginn, werden 50% der Kursgeb\u00fchr belastet (falls bereits \u00fcberwiesen, werden 50% r\u00fcckerstattet). Bei einer sp\u00e4teren Absage, vorzeitigem Abbruch oder Nichterscheinen entf\u00e4llt der Anspruch auf R\u00fcckerstattung, bzw. ist der Rechnungsbetrag vollumf\u00e4nglich zu entrichten. Annulationen m\u00fcssen schriftlich per Einschreiben erfolgen.<\/p>\n<p>Wir empfehlen den Abschluss einer Annulationsversicherung. Bei nicht erfolgter Abmeldung ist der Gesamtbetrag zu entrichten. Gruppenkurse werden ab 2 angemeldeten Paaren durchgef\u00fchrt. Sind f\u00fcr Ihren gebuchten Kurs zu wenig Anmeldungen vorliegend, erhalten Sie von uns eine Gutschrift f\u00fcr einen anderen Gruppenkurs bei uns.<\/p>\n<h4><\/h4>\n<h4>Haftung<\/h4>\n<div class=\"page\" title=\"Page 1\">\n<div class=\"layoutArea\">\n<div class=\"column\">\n<p>Kurse und Ausbildungen ersetzen keine medizinische und therapeutische Behandlung.<\/p>\n<h4><\/h4>\n<h4>Kranken- oder Unfallsversicherung<\/h4>\n<div class=\"page\" title=\"Page 1\">\n<div class=\"layoutArea\">\n<div class=\"column\">\n<p>Kranken- oder Unfallversicherung sind Sache des Teilnehmers.<\/p>\n<h4><\/h4>\n<h4>Urheber- und Namensrechte<\/h4>\n<div class=\"page\" title=\"Page 1\">\n<div class=\"layoutArea\">\n<div class=\"column\">\n<p>Kursunterlagen sowie Audioaufnahmen unterliegen dem Urheberrecht und\u00a0d\u00fcrfen weder fotomechanisch noch elektronisch vervielf\u00e4ltigt werden. Sie sind ausschliesslich f\u00fcr den pers\u00f6nlichen Gebrauch der Kursteilnehmer bestimmt.<\/p>\n<\/div>\n<h4><\/h4>\n<h4>Gerichtsstand<\/h4>\n<p>Der Gerichtsstand ist Rorschach.<\/p>\n<h4><\/h4>\n<h4>Schlussbestimmungen<\/h4>\n<div class=\"page\" title=\"Page 2\">\n<div class=\"layoutArea\">\n<div class=\"column\">\n<p>Zwischen den Vertragspartnern gilt Schweizerisches Recht. Sollte eine Bestimmung dieser Gesch\u00e4ftsbedingungen oder eine Regelung im Rahmen sonstiger Vereinbarungen unwirksam sein oder werden, wird hierdurch die Wirksamkeit aller sonstigen Bestimmungen oder Vereinbarungen nicht ber\u00fchrt. Abweichend davon ausgehandelte Vereinbarungen sind nur g\u00fcltig, wenn sie schriftlich vereinbart worden sind.<\/p>\n<\/div>\n<\/div>\n<\/div>\n<\/div>\n<\/div>\n<\/div>\n<\/div>\n<\/div>\n<\/div>\n<\/div>\n<\/div>\n<\/div>\n<\/div>\n<\/div>\n<\/div>\n<\/div>\n<\/div>\n<\/div>\n<\/div>\n<\/div>\n<\/div>\n<\/div>\n<\/div>\n<\/div>\n<\/div>\n<\/div>\n<\/div>\n<\/div>\n<\/div>\n<p>[\/et_pb_text][\/et_pb_column][\/et_pb_row][\/et_pb_section]<\/p>\n","protected":false},"excerpt":{"rendered":"<p>Allgemeine Gesch\u00e4ftsbedingungen Generelles Ich best\u00e4tige mit meiner Anmeldung, dass ich mich f\u00fcr den Geburtsvorbereitungskurs aus freien St\u00fccken einschreibe mit dem Verst\u00e4ndnis, dass dieser Kurs dazu dient mir u.a. beizubringen meine eigenen F\u00e4higkeiten einzusetzen, um mich und meinen K\u00f6rper in einen Zustand der Entspannung zu versetzen. Ich bin mir bewusst, dass ich bei gesundheitlichen Fragen betreffend [&hellip;]<\/p>\n","protected":false},"author":2,"featured_media":0,"parent":0,"menu_order":0,"comment_status":"closed","ping_status":"closed","template":"","meta":{"_et_pb_use_builder":"on","_et_pb_old_content":"","_et_gb_content_width":""},"_links":{"self":[{"href":"https:\/\/viamental.ch\/index.php\/wp-json\/wp\/v2\/pages\/180"}],"collection":[{"href":"https:\/\/viamental.ch\/index.php\/wp-json\/wp\/v2\/pages"}],"about":[{"href":"https:\/\/viamental.ch\/index.php\/wp-json\/wp\/v2\/types\/page"}],"author":[{"embeddable":true,"href":"https:\/\/viamental.ch\/index.php\/wp-json\/wp\/v2\/users\/2"}],"replies":[{"embeddable":true,"href":"https:\/\/viamental.ch\/index.php\/wp-json\/wp\/v2\/comments?post=180"}],"version-history":[{"count":8,"href":"https:\/\/viamental.ch\/index.php\/wp-json\/wp\/v2\/pages\/180\/revisions"}],"predecessor-version":[{"id":347,"href":"https:\/\/viamental.ch\/index.php\/wp-json\/wp\/v2\/pages\/180\/revisions\/347"}],"wp:attachment":[{"href":"https:\/\/viamental.ch\/index.php\/wp-json\/wp\/v2\/media?parent=180"}],"curies":[{"name":"wp","href":"https:\/\/api.w.org\/{rel}","templated":true}]}}