{"id":107,"date":"2018-09-16T18:37:14","date_gmt":"2018-09-16T18:37:14","guid":{"rendered":"https:\/\/viamental.ch\/?page_id=107"},"modified":"2023-09-06T15:52:33","modified_gmt":"2023-09-06T14:52:33","slug":"hypnobirthing","status":"publish","type":"page","link":"https:\/\/viamental.ch\/index.php\/hypnobirthing\/","title":{"rendered":"Hypnobirthing"},"content":{"rendered":"<p>[et_pb_section fb_built=&#8220;1&#8243; _builder_version=&#8220;3.22&#8243; background_image=&#8220;https:\/\/viamental.ch\/wp-content\/uploads\/2018\/09\/h_hypnobirthing.jpg&#8220; parallax=&#8220;on&#8220; parallax_method=&#8220;off&#8220; global_colors_info=&#8220;{}&#8220;][et_pb_row _builder_version=&#8220;3.25&#8243; global_colors_info=&#8220;{}&#8220;][et_pb_column type=&#8220;4_4&#8243; _builder_version=&#8220;3.25&#8243; custom_padding=&#8220;|||&#8220; global_colors_info=&#8220;{}&#8220; custom_padding__hover=&#8220;|||&#8220;][et_pb_divider show_divider=&#8220;off&#8220; _builder_version=&#8220;3.7&#8243; global_colors_info=&#8220;{}&#8220;][\/et_pb_divider][et_pb_text _builder_version=&#8220;3.27.4&#8243; text_text_color=&#8220;#ffffff&#8220; background_color=&#8220;rgba(0,0,0,0.4)&#8220; text_orientation=&#8220;center&#8220; background_layout=&#8220;dark&#8220; custom_padding=&#8220;30px|30px|30px|30px&#8220; border_radii=&#8220;on|30px|30px|30px|30px&#8220; border_color_all=&#8220;#ffffff&#8220; global_colors_info=&#8220;{}&#8220;]<\/p>\n<h3 style=\"text-align: center;\">&#8222;Sanft, leicht und selbstbestimmt geb\u00e4ren!&#8220;<\/h3>\n<p>[\/et_pb_text][et_pb_divider show_divider=&#8220;off&#8220; _builder_version=&#8220;3.7&#8243; global_colors_info=&#8220;{}&#8220;][\/et_pb_divider][\/et_pb_column][\/et_pb_row][\/et_pb_section][et_pb_section fb_built=&#8220;1&#8243; _builder_version=&#8220;3.22&#8243; global_colors_info=&#8220;{}&#8220;][et_pb_row column_structure=&#8220;2_3,1_3&#8243; _builder_version=&#8220;3.25&#8243; background_size=&#8220;initial&#8220; background_position=&#8220;top_left&#8220; background_repeat=&#8220;repeat&#8220; global_colors_info=&#8220;{}&#8220;][et_pb_column type=&#8220;2_3&#8243; _builder_version=&#8220;3.25&#8243; custom_padding=&#8220;|||&#8220; global_colors_info=&#8220;{}&#8220; custom_padding__hover=&#8220;|||&#8220;][et_pb_text _builder_version=&#8220;3.27.4&#8243; global_colors_info=&#8220;{}&#8220;]<\/p>\n<h2>Hypnobirthing<\/h2>\n<p>Herzlichen Gl\u00fcckwunsch Sie sind schwanger!<\/p>\n<p>Kurz nach dem positiven Bescheid der Schwangerschaft rechnen wir Frauen sofort den Geburtstermin unseres Babys aus. Der Geburtstermin wird ebenfalls vom Gyn\u00e4kologen ausgerechnet und sp\u00e4testens dann ist dieser TERMIN in GROSSBUCHSTABEN im Kalender eingetragen.<\/p>\n<p>Mit Freude blicken wir in die Zukunft und beginnen mit der Planung rund um die Schwangerschaft und das Familienleben.<\/p>\n<p>Sie haben sich Gedanken gemacht und sich f\u00fcr eine selbstbestimmte, sanfte, angstfreie Geburt entschieden. Denn Sie wollen die Geburt Ihres Babys bewusst und entspannt erleben. Sie m\u00f6chten dass Ihr Baby den besten Start ins Leben bekommt.<\/p>\n<p>Die Geburtserfahrung pr\u00e4gt uns und unsere Kinder meistens unbewusst und teils ein Leben lang.<\/p>\n<p>Jede Geburt ist einzigartig und die Vorbereitung daf\u00fcr beginnt mit dem HypnoBirthing Kurs.<\/p>\n<p>Mit diesem Kurs werden Sie Ihren K\u00f6rper und Ihre Mentale F\u00e4higkeiten auf sanfte und wundersch\u00f6ne weise auf die Geburt vorbereiten.<\/p>\n<p>Sie werden mehr Vertrauen in Ihrem K\u00f6rper gewinnen, \u00c4ngste und Blockaden loslassen und alle Entspannungs- und Atemtechniken erlernen die Sie vor und w\u00e4hrend der Geburt unterst\u00fctzen.<\/p>\n<p>Alle Ressourcen welche Sie f\u00fcr eine sanfte und selbstbestimmte Geburt brauchen besitzen Sie bereits. Mit der Hypnose aktivieren und trainieren wir diese Ressourcen. Sie f\u00fchlen sich sicher w\u00e4hrend dem ganzen Geburtsverlauf, ruhig und entspannt. Dieser Entspannungszustand aktiviert die automatische Aussch\u00fcttung des k\u00f6rpereigenen Schmerzmittels sogenannte Endophine welches Sie bei den Wellen (Wehen) unterst\u00fctzt. Endorphin ist ein k\u00f6rpereigenes Morphin\u201a das eine nat\u00fcrliche starke schmerzstillende Wirkung besitzt.<\/p>\n<p>Auch das Geburtshormon genannt Oxytocin, welches mit \u201eschnell\u201c und \u201eleicht geb\u00e4rend\u201c in Verbindung gebracht wird, sch\u00fcttet der K\u00f6rper im Entspannungszustand automatisch aus. Dieses nimmt eine wichtige Bedeutung beim Geburtsprozess ein. Somit k\u00f6nnen die Schmerzen reduziert und die \u00d6ffnungsphase der Geburt verk\u00fcrzt werden!<\/p>\n<p>Beide Hormone sind Gl\u00fcckshormone und ergeben den besten nat\u00fcrlichen Cocktail f\u00fcr Mutter und Kind.<\/p>\n<p>Hypnobirhting verringert erwiesenermassen medizinische Eingriffe und die Wahrscheinlichkeit eines Dammschnittes.<\/p>\n<p>Auch wenn Sie einen Kaiserschnitt planen bleiben Sie ruhig, sicher und entspannt, erholen sich schneller und diese Gef\u00fchle \u00fcbertragen sich automatisch auf Ihr Baby.<\/p>\n<p><strong>Aktive Partner\/ Geburtsbegleiter<\/strong><\/p>\n<p>Oft f\u00fchlt sich der Partner neben der schwangeren und geb\u00e4renden Frau hilf- und machtlos. Bei Hypnobirthing-Geburten nimmt der Partner eine aktive Rolle ein damit er Sie optimal unterst\u00fctzen kann und weiss was wichtig ist bei der Geburt.<\/p>\n<p>Jede Frau hat ihre Wunschvorstellung der Geburt, diese wird mit Visualisierungen und Affirmationen verst\u00e4rkt.<\/p>\n<p>Die Geburt ist das wichtigste Ereignis f\u00fcr Eltern und Kind, warum daraus nicht ein sch\u00f6nes Geburtserlebnis werden lassen?<\/p>\n<p>Ich freue mich auch Sie auf eine sanfte Geburt vorzubereiten!<\/p>\n<p>[\/et_pb_text][\/et_pb_column][et_pb_column type=&#8220;1_3&#8243; _builder_version=&#8220;3.25&#8243; custom_padding=&#8220;|||&#8220; global_colors_info=&#8220;{}&#8220; custom_padding__hover=&#8220;|||&#8220;][et_pb_image src=&#8220;https:\/\/viamental.ch\/wp-content\/uploads\/2018\/06\/003-family.png&#8220; align_tablet=&#8220;center&#8220; align_phone=&#8220;center&#8220; align_last_edited=&#8220;on|desktop&#8220; _builder_version=&#8220;3.23&#8243; global_colors_info=&#8220;{}&#8220;][\/et_pb_image][\/et_pb_column][\/et_pb_row][\/et_pb_section][et_pb_section fb_built=&#8220;1&#8243; prev_background_color=&#8220;#ffffff&#8220; _builder_version=&#8220;3.22&#8243; background_color=&#8220;rgba(103,191,181,0.1)&#8220; top_divider_style=&#8220;arrow&#8220; global_colors_info=&#8220;{}&#8220;][et_pb_row _builder_version=&#8220;3.25&#8243; background_size=&#8220;initial&#8220; background_position=&#8220;top_left&#8220; background_repeat=&#8220;repeat&#8220; global_colors_info=&#8220;{}&#8220;][et_pb_column type=&#8220;4_4&#8243; _builder_version=&#8220;3.25&#8243; custom_padding=&#8220;|||&#8220; global_colors_info=&#8220;{}&#8220; custom_padding__hover=&#8220;|||&#8220;][et_pb_text _builder_version=&#8220;3.27.4&#8243; global_colors_info=&#8220;{}&#8220;]<\/p>\n<h2>Kurse<\/h2>\n<p>[\/et_pb_text][et_pb_text _builder_version=&#8220;3.27.4&#8243; global_colors_info=&#8220;{}&#8220;]<\/p>\n<h4><strong>Kompakt-Kurs Samstag<\/strong><\/h4>\n<p>\u00a0\u00a0Kurskosten: CHF 480.-\u00a0<\/p>\n<ul>\n<li><span style=\"font-size: 16px;\">\u00a0<\/span><\/li>\n<\/ul>\n<h4><strong>Kompakt-Kurs online 2x 2,5 Stunden<\/strong><\/h4>\n<p>\u00a0Kurskosten: CHF 480.-\u00a0<\/p>\n<h4><strong>All-Inclusive-Kurs<\/strong><\/h4>\n<p>Daten auf Anfrage.<\/p>\n<p>&nbsp;<\/p>\n<h4><strong>Einzelcoaching \/ Privatkurs<\/strong><\/h4>\n<p>Sie stehen kurz vor der Geburt oder sind Zweitgeb\u00e4rende und w\u00fcnschen sich einen Privatkurs abgestimmt auf Ihre Bed\u00fcrfnisse?<\/p>\n<p>Gerne berate ich Sie ganz unverbindlich. Schreiben Sie mir ein Mail <a href=\"mailto:info@viamental.ch\">info@viamental.ch<\/a> oder Sie rufen mich an +41 71 333 27 19.<br \/>Ich freue mich auf Ihre Kontaktaufnahme.<\/p>\n<p><em>Kosten pro Stunde: CHF 125.- <br \/><\/em><\/p>\n<p>[\/et_pb_text][\/et_pb_column][\/et_pb_row][\/et_pb_section][et_pb_section fb_built=&#8220;1&#8243; _builder_version=&#8220;3.22&#8243; global_colors_info=&#8220;{}&#8220;][et_pb_row _builder_version=&#8220;3.25&#8243; background_size=&#8220;initial&#8220; background_position=&#8220;top_left&#8220; background_repeat=&#8220;repeat&#8220; global_colors_info=&#8220;{}&#8220;][et_pb_column type=&#8220;4_4&#8243; _builder_version=&#8220;3.25&#8243; custom_padding=&#8220;|||&#8220; global_colors_info=&#8220;{}&#8220; custom_padding__hover=&#8220;|||&#8220;][et_pb_text _builder_version=&#8220;3.27.4&#8243; global_colors_info=&#8220;{}&#8220;]<\/p>\n<h2>Kursinhalt<\/h2>\n<ul>\n<li>HypnoBirthing Philosophie<\/li>\n<li>Entspannungstechniken<\/li>\n<li>Atemtechniken<\/li>\n<li>Selbsthypnose<\/li>\n<li>Anleitung f\u00fcr den Geburtsbegleiter\/in<\/li>\n<li>Geburtsaffirmationen \/ Visualisierungstechniken<\/li>\n<li>Angstl\u00f6sungshypnose<\/li>\n<li>Die richtige Ern\u00e4hrung<\/li>\n<li>K\u00f6rperliche Vorbereitung auf die Geburt<\/li>\n<li>Biologisches Wissen rund um die Geburt<\/li>\n<li>Tipps und Tricks f\u00fcrs Wochenbett<\/li>\n<li>diverse Hypnose-\u00dcbungen<\/li>\n<\/ul>\n<h2>Kurskosten<\/h2>\n<p><strong>Kompaktkurs<\/strong>: CHF 480.-<\/p>\n<ul>\n<li>5 Stunden Kurs f\u00fcr Sie und Ihre Begleitung<\/li>\n<li>Umfangreiches Skript<\/li>\n<li>Begleitung bis zur Geburt<\/li>\n<\/ul>\n<p><strong>Wochenendkurs<\/strong>: CHF 750.-<\/p>\n<ul>\n<li>10 Stunden Kurs f\u00fcr Sie und Ihre Begleitung<\/li>\n<li>Umfangreiches Skript mit CD zum \u00dcben<\/li>\n<li>HypnoBirthing Buch<\/li>\n<li>Begleitung bis zur Geburt<\/li>\n<\/ul>\n<h2>Krankenkassenabrechnung<\/h2>\n<p>Die Krankenkasse \u00fcbernimmt einen Teil der Kosten.<\/p>\n<p>Die Grundversicherung \u00fcbernimmt in der Regel CHF 100.-, Zusatzversicherungen \u00fcbernehmen zum Teil 50% bis 80% aus dem Gesundheitskonto. Fragen Sie bei Ihrer Versicherung vorab nach.<\/p>\n<p>[\/et_pb_text][\/et_pb_column][\/et_pb_row][\/et_pb_section][et_pb_section fb_built=&#8220;1&#8243; prev_background_color=&#8220;#ffffff&#8220; _builder_version=&#8220;3.22&#8243; background_color=&#8220;rgba(103,191,181,0.1)&#8220; top_divider_style=&#8220;arrow&#8220; global_colors_info=&#8220;{}&#8220;][et_pb_row _builder_version=&#8220;3.25&#8243; global_colors_info=&#8220;{}&#8220;][et_pb_column type=&#8220;4_4&#8243; _builder_version=&#8220;3.25&#8243; custom_padding=&#8220;|||&#8220; global_colors_info=&#8220;{}&#8220; custom_padding__hover=&#8220;|||&#8220;][et_pb_text module_id=&#8220;Kursanmeldung&#8220; _builder_version=&#8220;3.27.4&#8243; global_colors_info=&#8220;{}&#8220;]<\/p>\n<h2>Kursanmeldung<\/h2>\n<p>[\/et_pb_text][\/et_pb_column][\/et_pb_row][et_pb_row column_structure=&#8220;1_2,1_2&#8243; _builder_version=&#8220;3.25&#8243; global_colors_info=&#8220;{}&#8220;][et_pb_column type=&#8220;1_2&#8243; _builder_version=&#8220;3.25&#8243; custom_padding=&#8220;|||&#8220; global_colors_info=&#8220;{}&#8220; custom_padding__hover=&#8220;|||&#8220;][et_pb_code background_color=&#8220;#ffffff&#8220; text_orientation=&#8220;center&#8220; global_colors_info=&#8220;{}&#8220;]\n<div class=\"wpcf7 no-js\" id=\"wpcf7-f178-o1\" lang=\"de-DE\" dir=\"ltr\">\n<div class=\"screen-reader-response\"><p role=\"status\" aria-live=\"polite\" aria-atomic=\"true\"><\/p> <ul><\/ul><\/div>\n<form action=\"\/index.php\/wp-json\/wp\/v2\/pages\/107#wpcf7-f178-o1\" method=\"post\" class=\"wpcf7-form init\" aria-label=\"Kontaktformular\" novalidate=\"novalidate\" data-status=\"init\">\n<div style=\"display: none;\">\n<input type=\"hidden\" name=\"_wpcf7\" value=\"178\" \/>\n<input type=\"hidden\" name=\"_wpcf7_version\" value=\"5.7.6\" \/>\n<input type=\"hidden\" name=\"_wpcf7_locale\" value=\"de_DE\" \/>\n<input type=\"hidden\" name=\"_wpcf7_unit_tag\" value=\"wpcf7-f178-o1\" \/>\n<input type=\"hidden\" name=\"_wpcf7_container_post\" value=\"0\" \/>\n<input type=\"hidden\" name=\"_wpcf7_posted_data_hash\" value=\"\" \/>\n<\/div>\n<h3>Kompakt-Kurs Samstag\n<\/h3>\n<p>An welchem Kurs-Datum m\u00f6chten Sie teilnehmen?<br \/>\n<span class=\"wpcf7-form-control-wrap\" data-name=\"kurs\"><span class=\"wpcf7-form-control wpcf7-radio\"><span class=\"wpcf7-list-item first last\"><input type=\"radio\" name=\"kurs\" value=\"\" checked=\"checked\" \/><span class=\"wpcf7-list-item-label\"><\/span><\/span><\/span><\/span>\n<\/p>\n<h3>Pers\u00f6nliche Angaben\n<\/h3>\n<p><label> Vorname und Name (Pflichtfeld)<br \/>\n<span class=\"wpcf7-form-control-wrap\" data-name=\"vorname-name\"><input size=\"40\" class=\"wpcf7-form-control wpcf7-text wpcf7-validates-as-required\" aria-required=\"true\" aria-invalid=\"false\" value=\"\" type=\"text\" name=\"vorname-name\" \/><\/span> <\/label>\n<\/p>\n<p><label> Adresse (Pflichtfeld)<br \/>\n<span class=\"wpcf7-form-control-wrap\" data-name=\"adresse\"><input size=\"40\" class=\"wpcf7-form-control wpcf7-text wpcf7-validates-as-required\" aria-required=\"true\" aria-invalid=\"false\" value=\"\" type=\"text\" name=\"adresse\" \/><\/span> <\/label>\n<\/p>\n<p><label> PLZ und Ort (Pflichtfeld)<br \/>\n<span class=\"wpcf7-form-control-wrap\" data-name=\"plz-ort\"><input size=\"40\" class=\"wpcf7-form-control wpcf7-text wpcf7-validates-as-required\" aria-required=\"true\" aria-invalid=\"false\" value=\"\" type=\"text\" name=\"plz-ort\" \/><\/span> <\/label>\n<\/p>\n<p><label> Telefon (Pflichtfeld)<br \/>\n<span class=\"wpcf7-form-control-wrap\" data-name=\"telefon\"><input size=\"40\" class=\"wpcf7-form-control wpcf7-text wpcf7-validates-as-required\" aria-required=\"true\" aria-invalid=\"false\" value=\"\" type=\"text\" name=\"telefon\" \/><\/span> <\/label>\n<\/p>\n<p><label> E-Mail-Adresse (Pflichtfeld)<br \/>\n<span class=\"wpcf7-form-control-wrap\" data-name=\"email\"><input size=\"40\" class=\"wpcf7-form-control wpcf7-text wpcf7-email wpcf7-validates-as-required wpcf7-validates-as-email\" aria-required=\"true\" aria-invalid=\"false\" value=\"\" type=\"email\" name=\"email\" \/><\/span> <\/label>\n<\/p>\n<h3>Weitere Angaben\n<\/h3>\n<p><label> Datum Geburtstermin<br \/>\n<span class=\"wpcf7-form-control-wrap\" data-name=\"geburtstermin\"><input size=\"40\" class=\"wpcf7-form-control wpcf7-text\" aria-invalid=\"false\" value=\"\" type=\"text\" name=\"geburtstermin\" \/><\/span> <\/label>\n<\/p>\n<p><span class=\"wpcf7-form-control-wrap\" data-name=\"gesundheit\"><textarea cols=\"40\" rows=\"10\" class=\"wpcf7-form-control wpcf7-textarea\" aria-invalid=\"false\" name=\"gesundheit\">Angaben zur Gesundheit, Schwangerschaftsbeschwerden, spezielle Medikamente, \u00c4ngste, etc.<\/textarea><\/span>\n<\/p>\n<p><span class=\"wpcf7-form-control-wrap\" data-name=\"bedingung\"><span class=\"wpcf7-form-control wpcf7-acceptance\"><span class=\"wpcf7-list-item\"><label><input type=\"checkbox\" name=\"bedingung\" value=\"1\" aria-invalid=\"false\" \/><span class=\"wpcf7-list-item-label\">Ich erkl\u00e4re mich mit den <a href=\"https:\/\/viamental.ch\/?page_id=180&preview=true\" target=\"_blank\">Allgemeinen Gesch\u00e4ftsbedingungen<\/a> einverstanden*<\/span><\/label><\/span><\/span><\/span>\n<\/p>\n<p><span class=\"wpcf7-form-control-wrap\" data-name=\"Sicherheit\"><label><span class=\"wpcf7-quiz-label\">SPAM-Schutz. Bitte rechnen Sie 5+5<\/span> <input size=\"40\" class=\"wpcf7-form-control wpcf7-quiz\" autocomplete=\"off\" aria-required=\"true\" aria-invalid=\"false\" type=\"text\" name=\"Sicherheit\" \/><\/label><input type=\"hidden\" name=\"_wpcf7_quiz_answer_Sicherheit\" value=\"1618017c63790ad148e3f4bda5265247\" \/><\/span><br \/>\n<input class=\"wpcf7-form-control has-spinner wpcf7-submit\" type=\"submit\" value=\"Senden\" \/>\n<\/p><p style=\"display: none !important;\"><label>&#916;<textarea name=\"_wpcf7_ak_hp_textarea\" cols=\"45\" rows=\"8\" maxlength=\"100\"><\/textarea><\/label><input type=\"hidden\" id=\"ak_js_1\" name=\"_wpcf7_ak_js\" value=\"125\"\/><script>document.getElementById( \"ak_js_1\" ).setAttribute( \"value\", ( new Date() ).getTime() );<\/script><\/p><div class=\"wpcf7-response-output\" aria-hidden=\"true\"><\/div>\n<\/form>\n<\/div>\n[\/et_pb_code][\/et_pb_column][et_pb_column type=&#8220;1_2&#8243; _builder_version=&#8220;3.25&#8243; custom_padding=&#8220;|||&#8220; global_colors_info=&#8220;{}&#8220; custom_padding__hover=&#8220;|||&#8220;][et_pb_code background_color=&#8220;#ffffff&#8220; text_orientation=&#8220;center&#8220; global_colors_info=&#8220;{}&#8220;]\n<div class=\"wpcf7 no-js\" id=\"wpcf7-f182-o2\" lang=\"de-DE\" dir=\"ltr\">\n<div class=\"screen-reader-response\"><p role=\"status\" aria-live=\"polite\" aria-atomic=\"true\"><\/p> <ul><\/ul><\/div>\n<form action=\"\/index.php\/wp-json\/wp\/v2\/pages\/107#wpcf7-f182-o2\" method=\"post\" class=\"wpcf7-form init\" aria-label=\"Kontaktformular\" novalidate=\"novalidate\" data-status=\"init\">\n<div style=\"display: none;\">\n<input type=\"hidden\" name=\"_wpcf7\" value=\"182\" \/>\n<input type=\"hidden\" name=\"_wpcf7_version\" value=\"5.7.6\" \/>\n<input type=\"hidden\" name=\"_wpcf7_locale\" value=\"de_DE\" \/>\n<input type=\"hidden\" name=\"_wpcf7_unit_tag\" value=\"wpcf7-f182-o2\" \/>\n<input type=\"hidden\" name=\"_wpcf7_container_post\" value=\"0\" \/>\n<input type=\"hidden\" name=\"_wpcf7_posted_data_hash\" value=\"\" \/>\n<\/div>\n<h3>Kompakt-Kurs online 2x 2,5 Stunden\n<\/h3>\n<p>An welchem Kurs-Datum m\u00f6chten Sie teilnehmen?<br \/>\n<span class=\"wpcf7-form-control-wrap\" data-name=\"kurs\"><span class=\"wpcf7-form-control wpcf7-radio\"><span class=\"wpcf7-list-item first last\"><input type=\"radio\" name=\"kurs\" value=\"\" checked=\"checked\" \/><span class=\"wpcf7-list-item-label\"><\/span><\/span><\/span><\/span>\n<\/p>\n<h3>Pers\u00f6nliche Angaben\n<\/h3>\n<p><label> Vorname und Name (Pflichtfeld)<br \/>\n<span class=\"wpcf7-form-control-wrap\" data-name=\"vorname-name\"><input size=\"40\" class=\"wpcf7-form-control wpcf7-text wpcf7-validates-as-required\" aria-required=\"true\" aria-invalid=\"false\" value=\"\" type=\"text\" name=\"vorname-name\" \/><\/span> <\/label>\n<\/p>\n<p><label> Adresse (Pflichtfeld)<br \/>\n<span class=\"wpcf7-form-control-wrap\" data-name=\"adresse\"><input size=\"40\" class=\"wpcf7-form-control wpcf7-text wpcf7-validates-as-required\" aria-required=\"true\" aria-invalid=\"false\" value=\"\" type=\"text\" name=\"adresse\" \/><\/span> <\/label>\n<\/p>\n<p><label> PLZ und Ort (Pflichtfeld)<br \/>\n<span class=\"wpcf7-form-control-wrap\" data-name=\"plz-ort\"><input size=\"40\" class=\"wpcf7-form-control wpcf7-text wpcf7-validates-as-required\" aria-required=\"true\" aria-invalid=\"false\" value=\"\" type=\"text\" name=\"plz-ort\" \/><\/span> <\/label>\n<\/p>\n<p><label> Telefon (Pflichtfeld)<br \/>\n<span class=\"wpcf7-form-control-wrap\" data-name=\"telefon\"><input size=\"40\" class=\"wpcf7-form-control wpcf7-text wpcf7-validates-as-required\" aria-required=\"true\" aria-invalid=\"false\" value=\"\" type=\"text\" name=\"telefon\" \/><\/span> <\/label>\n<\/p>\n<p><label> E-Mail-Adresse (Pflichtfeld)<br \/>\n<span class=\"wpcf7-form-control-wrap\" data-name=\"email\"><input size=\"40\" class=\"wpcf7-form-control wpcf7-text wpcf7-email wpcf7-validates-as-required wpcf7-validates-as-email\" aria-required=\"true\" aria-invalid=\"false\" value=\"\" type=\"email\" name=\"email\" \/><\/span> <\/label>\n<\/p>\n<h3>Weitere Angaben\n<\/h3>\n<p><label> Datum Geburtstermin<br \/>\n<span class=\"wpcf7-form-control-wrap\" data-name=\"geburtstermin\"><input size=\"40\" class=\"wpcf7-form-control wpcf7-text\" aria-invalid=\"false\" value=\"\" type=\"text\" name=\"geburtstermin\" \/><\/span> <\/label>\n<\/p>\n<p><span class=\"wpcf7-form-control-wrap\" data-name=\"gesundheit\"><textarea cols=\"40\" rows=\"10\" class=\"wpcf7-form-control wpcf7-textarea\" aria-invalid=\"false\" name=\"gesundheit\">Angaben zur Gesundheit, Schwangerschaftsbeschwerden, spezielle Medikamente, \u00c4ngste, etc.<\/textarea><\/span>\n<\/p>\n<p><span class=\"wpcf7-form-control-wrap\" data-name=\"bedingung\"><span class=\"wpcf7-form-control wpcf7-acceptance\"><span class=\"wpcf7-list-item\"><label><input type=\"checkbox\" name=\"bedingung\" value=\"1\" aria-invalid=\"false\" \/><span class=\"wpcf7-list-item-label\">Ich erkl\u00e4re mich mit den <a href=\"https:\/\/viamental.ch\/?page_id=180&preview=true\" target=\"_blank\">Allgemeinen Gesch\u00e4ftsbedingungen<\/a> einverstanden*<\/span><\/label><\/span><\/span><\/span>\n<\/p>\n<p><span class=\"wpcf7-form-control-wrap\" data-name=\"Sicherheit\"><label><span class=\"wpcf7-quiz-label\">SPAM-Schutz. Bitte rechnen Sie 5+5<\/span> <input size=\"40\" class=\"wpcf7-form-control wpcf7-quiz\" autocomplete=\"off\" aria-required=\"true\" aria-invalid=\"false\" type=\"text\" name=\"Sicherheit\" \/><\/label><input type=\"hidden\" name=\"_wpcf7_quiz_answer_Sicherheit\" value=\"1618017c63790ad148e3f4bda5265247\" \/><\/span><br \/>\n<input class=\"wpcf7-form-control has-spinner wpcf7-submit\" type=\"submit\" value=\"Senden\" \/>\n<\/p><p style=\"display: none !important;\"><label>&#916;<textarea name=\"_wpcf7_ak_hp_textarea\" cols=\"45\" rows=\"8\" maxlength=\"100\"><\/textarea><\/label><input type=\"hidden\" id=\"ak_js_2\" name=\"_wpcf7_ak_js\" value=\"101\"\/><script>document.getElementById( \"ak_js_2\" ).setAttribute( \"value\", ( new Date() ).getTime() );<\/script><\/p><div class=\"wpcf7-response-output\" aria-hidden=\"true\"><\/div>\n<\/form>\n<\/div>\n[\/et_pb_code][\/et_pb_column][\/et_pb_row][\/et_pb_section][et_pb_section fb_built=&#8220;1&#8243; module_id=&#8220;kontakt&#8220; _builder_version=&#8220;3.7&#8243; background_color=&#8220;#67bfb5&#8243; global_module=&#8220;219&#8243; global_colors_info=&#8220;{}&#8220;][et_pb_row column_structure=&#8220;1_3,2_3&#8243; _builder_version=&#8220;3.25&#8243; module_alignment=&#8220;center&#8220; border_radii=&#8220;on|30px|30px|30px|30px&#8220; global_colors_info=&#8220;{}&#8220;][et_pb_column type=&#8220;1_3&#8243; _builder_version=&#8220;3.25&#8243; custom_padding=&#8220;|||&#8220; global_colors_info=&#8220;{}&#8220; custom_padding__hover=&#8220;|||&#8220;][et_pb_text _builder_version=&#8220;3.27.4&#8243; header_text_color=&#8220;#ffffff&#8220; background_layout=&#8220;dark&#8220; global_colors_info=&#8220;{}&#8220;]<\/p>\n<h2>Kontakt<\/h2>\n<p>[\/et_pb_text][et_pb_text _builder_version=&#8220;4.14.7&#8243; text_text_color=&#8220;#ffffff&#8220; background_layout=&#8220;dark&#8220; global_colors_info=&#8220;{}&#8220;]ViaMental<\/p>\n<p>Signalstrasse 17<\/p>\n<p>9400 Rorschach<\/p>\n<p>Tel.: <a style=\"color: white;\" href=\"callto:+41 78 797 50 45\">+41 78 797 50 45<\/a><\/p>\n<p>Mail: <a style=\"color: white;\" href=\"mailto:info@viamental.ch\">info@viamental.ch<\/a>[\/et_pb_text][\/et_pb_column][et_pb_column type=&#8220;2_3&#8243; _builder_version=&#8220;3.25&#8243; custom_padding=&#8220;|||&#8220; global_colors_info=&#8220;{}&#8220; custom_padding__hover=&#8220;|||&#8220;][et_pb_image src=&#8220;https:\/\/viamental.ch\/wp-content\/uploads\/2018\/11\/map.jpg&#8220; align_tablet=&#8220;center&#8220; align_phone=&#8220;&#8220; align_last_edited=&#8220;on|desktop&#8220; _builder_version=&#8220;3.23&#8243; global_colors_info=&#8220;{}&#8220;][\/et_pb_image][\/et_pb_column][\/et_pb_row][\/et_pb_section]<\/p>\n","protected":false},"excerpt":{"rendered":"<p>&#8222;Sanft, leicht und selbstbestimmt geb\u00e4ren!&#8220; Hypnobirthing Herzlichen Gl\u00fcckwunsch Sie sind schwanger! Kurz nach dem positiven Bescheid der Schwangerschaft rechnen wir Frauen sofort den Geburtstermin unseres Babys aus. Der Geburtstermin wird ebenfalls vom Gyn\u00e4kologen ausgerechnet und sp\u00e4testens dann ist dieser TERMIN in GROSSBUCHSTABEN im Kalender eingetragen. Mit Freude blicken wir in die Zukunft und beginnen mit [&hellip;]<\/p>\n","protected":false},"author":2,"featured_media":0,"parent":0,"menu_order":0,"comment_status":"closed","ping_status":"closed","template":"","meta":{"_et_pb_use_builder":"on","_et_pb_old_content":"","_et_gb_content_width":""},"_links":{"self":[{"href":"https:\/\/viamental.ch\/index.php\/wp-json\/wp\/v2\/pages\/107"}],"collection":[{"href":"https:\/\/viamental.ch\/index.php\/wp-json\/wp\/v2\/pages"}],"about":[{"href":"https:\/\/viamental.ch\/index.php\/wp-json\/wp\/v2\/types\/page"}],"author":[{"embeddable":true,"href":"https:\/\/viamental.ch\/index.php\/wp-json\/wp\/v2\/users\/2"}],"replies":[{"embeddable":true,"href":"https:\/\/viamental.ch\/index.php\/wp-json\/wp\/v2\/comments?post=107"}],"version-history":[{"count":65,"href":"https:\/\/viamental.ch\/index.php\/wp-json\/wp\/v2\/pages\/107\/revisions"}],"predecessor-version":[{"id":606,"href":"https:\/\/viamental.ch\/index.php\/wp-json\/wp\/v2\/pages\/107\/revisions\/606"}],"wp:attachment":[{"href":"https:\/\/viamental.ch\/index.php\/wp-json\/wp\/v2\/media?parent=107"}],"curies":[{"name":"wp","href":"https:\/\/api.w.org\/{rel}","templated":true}]}}