{"id":105,"date":"2018-09-16T18:31:52","date_gmt":"2018-09-16T18:31:52","guid":{"rendered":"https:\/\/viamental.ch\/?page_id=105"},"modified":"2019-10-27T10:03:06","modified_gmt":"2019-10-27T10:03:06","slug":"hypnose","status":"publish","type":"page","link":"https:\/\/viamental.ch\/index.php\/hypnose\/","title":{"rendered":"Hypnose"},"content":{"rendered":"<p>[et_pb_section fb_built=&#8220;1&#8243; _builder_version=&#8220;3.7&#8243; background_image=&#8220;https:\/\/viamental.ch\/wp-content\/uploads\/2018\/09\/h_hypnose.jpg&#8220; parallax=&#8220;on&#8220; parallax_method=&#8220;off&#8220;][et_pb_row _builder_version=&#8220;3.7&#8243;][et_pb_column type=&#8220;4_4&#8243; _builder_version=&#8220;3.0.47&#8243; parallax=&#8220;off&#8220; parallax_method=&#8220;on&#8220;][et_pb_divider show_divider=&#8220;off&#8220; _builder_version=&#8220;3.7&#8243;][\/et_pb_divider][et_pb_text _builder_version=&#8220;3.7&#8243; text_text_color=&#8220;#ffffff&#8220; background_color=&#8220;rgba(0,0,0,0.4)&#8220; border_radii=&#8220;on|30px|30px|30px|30px&#8220; border_color_all=&#8220;#ffffff&#8220; text_orientation=&#8220;center&#8220; background_layout=&#8220;dark&#8220; custom_padding=&#8220;30px|30px|30px|30px&#8220;]<\/p>\n<h3 style=\"text-align: center;\">&#8222;Der Anfang ist die H\u00e4lfte des Ganzen&#8220;<\/h3>\n<p style=\"text-align: center;\">Aristoteles<\/p>\n<p>[\/et_pb_text][et_pb_divider show_divider=&#8220;off&#8220; _builder_version=&#8220;3.7&#8243;][\/et_pb_divider][\/et_pb_column][\/et_pb_row][\/et_pb_section][et_pb_section fb_built=&#8220;1&#8243; _builder_version=&#8220;3.7&#8243;][et_pb_row _builder_version=&#8220;3.0.48&#8243; background_size=&#8220;initial&#8220; background_position=&#8220;top_left&#8220; background_repeat=&#8220;repeat&#8220;][et_pb_column type=&#8220;2_3&#8243; _builder_version=&#8220;3.0.47&#8243; parallax=&#8220;off&#8220; parallax_method=&#8220;on&#8220;][et_pb_text _builder_version=&#8220;3.7&#8243;]<\/p>\n<h2>Hypnose<\/h2>\n<p>ist ein Zustand der Tiefenentspannung welche M\u00f6glichkeiten schafft, das Tor zu unserem Unterbewusstsein zu \u00f6ffnen und so W\u00fcnsche und Ziele durch Selbsthilfe und Selbstheilung besser erreichen zu k\u00f6nnen. Tiefenentspannung &#8211; Hypnose ist eine Methode zur Kommunikation mit unserem Unterbewusstsein. Mittels Tiefenentspannung gelingt es, kraftvolle innere Ressourcen zu aktivieren und positive Ver\u00e4nderungen und Wohlbefinden herbeizuf\u00fchren.<br \/>\n[\/et_pb_text][\/et_pb_column][et_pb_column type=&#8220;1_3&#8243; _builder_version=&#8220;3.0.47&#8243; parallax=&#8220;off&#8220; parallax_method=&#8220;on&#8220;][et_pb_image src=&#8220;https:\/\/viamental.ch\/wp-content\/uploads\/2018\/06\/001-heart.png&#8220; _builder_version=&#8220;3.7&#8243;][\/et_pb_image][\/et_pb_column][\/et_pb_row][\/et_pb_section][et_pb_section fb_built=&#8220;1&#8243; prev_background_color=&#8220;#ffffff&#8220; _builder_version=&#8220;3.7&#8243; background_color=&#8220;rgba(103,191,181,0.1)&#8220; top_divider_style=&#8220;arrow&#8220;][et_pb_row _builder_version=&#8220;3.7&#8243;][et_pb_column type=&#8220;4_4&#8243; _builder_version=&#8220;3.0.47&#8243; parallax=&#8220;off&#8220; parallax_method=&#8220;on&#8220;][et_pb_text _builder_version=&#8220;3.7&#8243;]<\/p>\n<h2>Unterst\u00fctzung bei<\/h2>\n<p>[\/et_pb_text][et_pb_accordion _builder_version=&#8220;3.7&#8243;][et_pb_accordion_item title=&#8220;\u00c4ngste&#8220; open=&#8220;on&#8220; _builder_version=&#8220;3.7&#8243; title_text_shadow_horizontal_length=&#8220;0em&#8220; title_text_shadow_vertical_length=&#8220;0em&#8220; title_text_shadow_blur_strength=&#8220;0em&#8220; body_text_shadow_horizontal_length=&#8220;0em&#8220; body_text_shadow_vertical_length=&#8220;0em&#8220; body_text_shadow_blur_strength=&#8220;0em&#8220;][\/et_pb_accordion_item][et_pb_accordion_item title=&#8220;Geburtstrauma&#8220; open=&#8220;off&#8220; _builder_version=&#8220;3.7&#8243; title_text_shadow_horizontal_length=&#8220;0em&#8220; title_text_shadow_vertical_length=&#8220;0em&#8220; title_text_shadow_blur_strength=&#8220;0em&#8220; body_text_shadow_horizontal_length=&#8220;0em&#8220; body_text_shadow_vertical_length=&#8220;0em&#8220; body_text_shadow_blur_strength=&#8220;0em&#8220;]<\/p>\n<p>Sie haben ein Kind geboren und die Geburt ist leider nicht so verlaufen, wie Sie sich das w\u00fcnschten? Lieber gar nicht daran denken, weil es f\u00fcr Sie so schlimm war? Sie sp\u00fcrten Hilflosigkeit, Schmerzen f\u00fchlten sich allein und im Stich gelassen? Bekamen sp\u00e4ter Schamgef\u00fchle oder Schuldgef\u00fchle gegen\u00fcber dem Kind? Sie sp\u00fcren, dass Ihre Verbindung zu Ihrem Kind durch dieses Erlebnis negativ gepr\u00e4gt ist? Sie w\u00fcnschen sich ein zweites Kind und diese belastenden Erinnerungen werden beim Gedanken daran st\u00e4rker?<\/p>\n<p>Sie m\u00f6chten Ihr Geburtstrauma verarbeiten?<\/p>\n<p>Mit Hypnose finden wir den sanften Weg f\u00fcr die Verarbeitung des Geschehens. Schritt f\u00fcr Schritt in ihrem eigenen Tempo.<\/p>\n<p>Gern begleite ich Sie einf\u00fchlsam durch diese Ereignisse der Geburt und um die Geburt:<\/p>\n<ul>\n<li>damit Sie sich wertvoll und frei f\u00fchlen<\/li>\n<li>damit Sie wieder in der Gegenwart ankommen<\/li>\n<li>damit Ihre Verbindung zu Ihrem Kind besser wird<\/li>\n<li>damit Sie sich freuen k\u00f6nnen beim Gedanken an ein weiteres Kind<\/li>\n<\/ul>\n<p><strong>Was bedeutet Trauma?<\/strong><\/p>\n<p>Das Wort Trauma kommt aus dem Griechischen und bedeutet die Wunde. Im \u00fcbertragenden Sinne also die Wunde auf der Seele. Eine seelische Verletzung mit oft k\u00f6rperlichen Auswirkungen. Ein Trauma erzeugt bei den Betroffenen eine immer wiederkehrende Angst, welche oft als Schw\u00e4che und Machtlosigkeit empfunden wird.<\/p>\n<p><strong>Geburtstrauma<\/strong><\/p>\n<p>Ein Geburtstrauma kann in Folgenden Situationen entstehen:<\/p>\n<ul>\n<li>Angst vor den Wehen<\/li>\n<li>Langwieriger Verlauf der Geburt<\/li>\n<li>Notkaiserschnitt<\/li>\n<li>Angst um das Leben des Kindes<\/li>\n<li>Geburt mit Saugglocke<\/li>\n<li>Gewaltaus\u00fcbung durch das Personal oder Partner<\/li>\n<li>Missachtung der W\u00fcrde durch das Personal oder Partner<\/li>\n<\/ul>\n<p><strong>Eventuelle Folgen einer negativen Geburtserfahrung<\/strong><\/p>\n<p>Die Betroffenen f\u00fchlen sich gefangen in dieser Belastenden Erinnerungen. Gef\u00fchle wie Schuld, Scham oder Wut k\u00f6nnen entstehen. Manchmal kann es zur Ablehnung des Babys oder Wut auf das Baby kommen.<\/p>\n<p>In den ersten Wochen nach der Geburt sind viele M\u00fctter, k\u00f6rperlich ausgelaugt und seelisch rastlos. Sie f\u00fchlen sich zur Freude verpflichtet wobei die Schuld- und Schamgef\u00fchle mit jedem Gedanken an den Geburtstraume zunehmen.<\/p>\n<p>Trauma kann sich bemerkbar machen durch:<\/p>\n<ul>\n<li>k\u00f6rperliche z.B. Schlaflosigkeit, Muskelanspannung, Schmerzen<\/li>\n<li>Angstst\u00f6rungen \/ Panik<\/li>\n<li>Depression<\/li>\n<li>gehemmte Verbindung zum Kind<\/li>\n<li>Ablehnung des Partners<\/li>\n<li>Aggressivit\u00e4t<\/li>\n<li>Schwierigkeiten in der Sinnfindung<\/li>\n<\/ul>\n<p><strong>Geburtstrauma bei den M\u00e4nnern?<\/strong><\/p>\n<p>Gelegentlich haben auch M\u00e4nner ein Geburtstrauma. H\u00e4ufig, f\u00fchlen sich M\u00e4nner w\u00e4hrend der Geburt hilflos, machtlos, gehemmt oder unf\u00e4hig seiner Partnerin ein unterst\u00fctzender Geburtshelfer zu sein.<\/p>\n<p>Ein Geburtstrauma beim Mann kann durch Einzel- oder gemeinsam mit der Partnerin Hypnosesitzung verarbeitet und beseitigt werden.<\/p>\n<p>[\/et_pb_accordion_item][et_pb_accordion_item title=&#8220;Gewicht (Zu- und Abnahme)&#8220; open=&#8220;off&#8220; _builder_version=&#8220;3.7&#8243; title_text_shadow_horizontal_length=&#8220;0em&#8220; title_text_shadow_vertical_length=&#8220;0em&#8220; title_text_shadow_blur_strength=&#8220;0em&#8220; body_text_shadow_horizontal_length=&#8220;0em&#8220; body_text_shadow_vertical_length=&#8220;0em&#8220; body_text_shadow_blur_strength=&#8220;0em&#8220;][\/et_pb_accordion_item][et_pb_accordion_item title=&#8220;N\u00e4gelkauen&#8220; open=&#8220;off&#8220; _builder_version=&#8220;3.7&#8243; title_text_shadow_horizontal_length=&#8220;0em&#8220; title_text_shadow_vertical_length=&#8220;0em&#8220; title_text_shadow_blur_strength=&#8220;0em&#8220; body_text_shadow_horizontal_length=&#8220;0em&#8220; body_text_shadow_vertical_length=&#8220;0em&#8220; body_text_shadow_blur_strength=&#8220;0em&#8220;][\/et_pb_accordion_item][et_pb_accordion_item title=&#8220;Panikattacken&#8220; open=&#8220;off&#8220; _builder_version=&#8220;3.7&#8243; title_text_shadow_horizontal_length=&#8220;0em&#8220; title_text_shadow_vertical_length=&#8220;0em&#8220; title_text_shadow_blur_strength=&#8220;0em&#8220; body_text_shadow_horizontal_length=&#8220;0em&#8220; body_text_shadow_vertical_length=&#8220;0em&#8220; body_text_shadow_blur_strength=&#8220;0em&#8220;][\/et_pb_accordion_item][et_pb_accordion_item title=&#8220;Raucherentw\u00f6hnung&#8220; open=&#8220;off&#8220; _builder_version=&#8220;3.7&#8243; title_text_shadow_horizontal_length=&#8220;0em&#8220; title_text_shadow_vertical_length=&#8220;0em&#8220; title_text_shadow_blur_strength=&#8220;0em&#8220; body_text_shadow_horizontal_length=&#8220;0em&#8220; body_text_shadow_vertical_length=&#8220;0em&#8220; body_text_shadow_blur_strength=&#8220;0em&#8220;][\/et_pb_accordion_item][et_pb_accordion_item title=&#8220;Reizdarm&#8220; open=&#8220;off&#8220; _builder_version=&#8220;3.7&#8243; title_text_shadow_horizontal_length=&#8220;0em&#8220; title_text_shadow_vertical_length=&#8220;0em&#8220; title_text_shadow_blur_strength=&#8220;0em&#8220; body_text_shadow_horizontal_length=&#8220;0em&#8220; body_text_shadow_vertical_length=&#8220;0em&#8220; body_text_shadow_blur_strength=&#8220;0em&#8220;][\/et_pb_accordion_item][et_pb_accordion_item title=&#8220;Schlafst\u00f6rungen&#8220; open=&#8220;off&#8220; _builder_version=&#8220;3.7&#8243; title_text_shadow_horizontal_length=&#8220;0em&#8220; title_text_shadow_vertical_length=&#8220;0em&#8220; title_text_shadow_blur_strength=&#8220;0em&#8220; body_text_shadow_horizontal_length=&#8220;0em&#8220; body_text_shadow_vertical_length=&#8220;0em&#8220; body_text_shadow_blur_strength=&#8220;0em&#8220;][\/et_pb_accordion_item][\/et_pb_accordion][\/et_pb_column][\/et_pb_row][\/et_pb_section][et_pb_section fb_built=&#8220;1&#8243; _builder_version=&#8220;3.7&#8243; background_color=&#8220;rgba(255,255,255,0.1)&#8220; top_divider_style=&#8220;arrow&#8220; top_divider_color=&#8220;rgba(103,191,181,0.1)&#8220; top_divider_arrangement=&#8220;above_content&#8220;][et_pb_row _builder_version=&#8220;3.0.48&#8243; background_size=&#8220;initial&#8220; background_position=&#8220;top_left&#8220; background_repeat=&#8220;repeat&#8220;][et_pb_column type=&#8220;4_4&#8243; _builder_version=&#8220;3.0.47&#8243; parallax=&#8220;off&#8220; parallax_method=&#8220;on&#8220;][et_pb_text _builder_version=&#8220;3.7&#8243;]<\/p>\n<p><strong>Schweigepflicht<\/strong><\/p>\n<p>F\u00fcr mich ist die Schweigepflicht selbstverst\u00e4ndlich. Hypnose baut auf Vertrauen auf.<\/p>\n<p>Die Schweigepflicht entf\u00e4llt nur dann, wenn auf Grund einer gesetzlichen Bestimmung eine Auskunftspflicht oder ein Auskunftsrecht besteht oder Sie mich aufgrund besonderer Umst\u00e4nde ausdr\u00fccklich zur Auskunftserteilung erm\u00e4chtigen.<\/p>\n<p><strong>Kostenloses Vorgespr\u00e4ch<\/strong><\/p>\n<p>Wenn Sie das Bed\u00fcrfnis haben mehr \u00fcber Hypnose zu erfahren und mich pers\u00f6nlich kennenzulernen vereinbaren Sie ein kostenloses Vorgespr\u00e4ch.\u00a0Dieses dauert 15 \u2013 20 Minuten.<\/p>\n<p><strong>Ablauf einer Hypnosesitzung<\/strong><\/p>\n<ul>\n<li>Vorgespr\u00e4ch (wenn erw\u00fcnscht)<\/li>\n<li>Erkl\u00e4rung von Hypnose, was ist das genau?<\/li>\n<li>Zieldefinition und Erwartungen an den Hypnosetherapeuten<\/li>\n<li>Einleitung \/ Herbeif\u00fchrung Hypnose, Vertiefung<\/li>\n<li>Eigentliche Hypnosesitzung<\/li>\n<li>Beibringen der Selbsthypnose<\/li>\n<li>Aufl\u00f6sen der Hypnose<\/li>\n<li>Nachgespr\u00e4ch<\/li>\n<li>Feedback<\/li>\n<li>eventuell eine weitere Sitzung<\/li>\n<\/ul>\n<p><strong>Wichtige Information<\/strong><\/p>\n<p>Wenn eine der unten aufgef\u00fchrten Punkte vorhanden sind, ist von einer Hypnosebehandlung abzusehen.<\/p>\n<ul>\n<li>Wenn eine akute Eigen- oder Fremdgef\u00e4hrdung besteht<\/li>\n<li>Bei akuter oder subakuter Selbstmordgef\u00e4hrdung<\/li>\n<li>Wenn das Beschwerdebild als psychotisch einzustufen ist (Wahnvorstellungen oder Halluzinationen)<\/li>\n<li>Sofern keine Bereitschaft zur Offenheit oder Kooperation vorliegt<\/li>\n<li>Wenn kein eigener Wunsch nach Ver\u00e4nderung vorliegt<\/li>\n<\/ul>\n<p><strong>Kosten\u00fcberblick<\/strong><\/p>\n<p>Eine Erstsitzung dauert \u2013 inkl. Vorgespr\u00e4ch und Anamnese \u2013 zwischen 2 &#8211; 3 Stunden. Viele Themen\/Probleme k\u00f6nnen mit nur einer Therapiesitzung beseitigt werden, manchmal dauert es jedoch auch l\u00e4nger. Das Thema und die Ausgangssituation der Kunden bestimmen die L\u00e4nge der Behandlung. Von der ersten Sitzung an d\u00fcrfen Sie Fortschritte erwarten. So viele Sitzungen wie n\u00f6tig, so wenige wie m\u00f6glich.<br \/><em>Kosten pro Stunde: CHF 125.-<\/em><\/p>\n<p><strong>Zahlung<\/strong><\/p>\n<p>Bitte den Betrag vor Ort entrichten \u2013 Bar oder per EC\/Maestro Sie erhalten von mir eine Quittung. In einigen F\u00e4llen werden die Kosten von den Krankenkassen mitgetragen, wobei dies eher die Ausnahme ist.<\/p>\n<p><strong>Medikamente<\/strong><br \/> Das Ab- und Aussetzen\/Unterbrechen von Medikamenteneinnahmen soll <strong>nur<\/strong> in Absprache mit dem Arzt stattfinden.<\/p>\n<p><strong>Verhinderungsfall<\/strong><br \/> Es kann mal etwas dazwischen kommen. Bitte im Verhinderungsfall mindestens 24 Stunden vorher Bescheid geben. Alle nicht abgemeldeten Termine werden vollumf\u00e4nglich verrechnet.<\/p>\n<p>[\/et_pb_text][\/et_pb_column][\/et_pb_row][\/et_pb_section][et_pb_section fb_built=&#8220;1&#8243; prev_background_color=&#8220;rgba(255,255,255,0.1)&#8220; _builder_version=&#8220;3.7&#8243; background_color=&#8220;rgba(103,191,181,0.1)&#8220; top_divider_style=&#8220;arrow&#8220;][et_pb_row _builder_version=&#8220;3.7&#8243;][et_pb_column type=&#8220;4_4&#8243; _builder_version=&#8220;3.0.47&#8243; parallax=&#8220;off&#8220; parallax_method=&#8220;on&#8220;][et_pb_text _builder_version=&#8220;3.7&#8243;]<\/p>\n<h2>Fragen und Antworten zur Hypnose<\/h2>\n<p>[\/et_pb_text][et_pb_accordion _builder_version=&#8220;3.7&#8243;][et_pb_accordion_item title=&#8220;Wof\u00fcr brauchen wir den Zugang zum Unterbewusstsein?&#8220; open=&#8220;on&#8220; _builder_version=&#8220;3.7&#8243; title_text_shadow_horizontal_length=&#8220;0em&#8220; title_text_shadow_vertical_length=&#8220;0em&#8220; title_text_shadow_blur_strength=&#8220;0em&#8220; body_text_shadow_horizontal_length=&#8220;0em&#8220; body_text_shadow_vertical_length=&#8220;0em&#8220; body_text_shadow_blur_strength=&#8220;0em&#8220;]<\/p>\n<ul>\n<li>um kreative L\u00f6sungen zu finden<\/li>\n<li>um tiefsitzende Denkmuster zu durchbrechen<\/li>\n<li>um negative Glaubenss\u00e4tze aufzul\u00f6sen<\/li>\n<li>um Erkenntnisse \u00fcber sich selbst zu gewinnen<\/li>\n<li>als Grundlage f\u00fcr Entwicklung<\/li>\n<li>um seelische Blockaden zu beseitigen<\/li>\n<li>um unerw\u00fcnschtes Verhalten zu ver\u00e4ndern<\/li>\n<li>um l\u00e4stige Gewohnheiten zu durchbrechen<\/li>\n<\/ul>\n<p>Durch die Anwendung der Hypnose wird erreicht, dass ausgearbeitete W\u00fcnsche, Suggestionen und Ziele optimal aufgenommen und f\u00fcr sich umgesetzt werden k\u00f6nnen. Eine gef\u00fchrte Hypnose kann nur stattfinden kann wenn der Kunde diese zul\u00e4sst.<\/p>\n<p>[\/et_pb_accordion_item][et_pb_accordion_item title=&#8220;Ist Hypnose gefahrlos?&#8220; open=&#8220;off&#8220; _builder_version=&#8220;3.7&#8243; title_text_shadow_horizontal_length=&#8220;0em&#8220; title_text_shadow_vertical_length=&#8220;0em&#8220; title_text_shadow_blur_strength=&#8220;0em&#8220; body_text_shadow_horizontal_length=&#8220;0em&#8220; body_text_shadow_vertical_length=&#8220;0em&#8220; body_text_shadow_blur_strength=&#8220;0em&#8220;]Ja!<br \/>\nDie Hypnose ist eine freiwillige Zusammenarbeit zwischen dem Kunden und dem Therapeut. Da der Kunde in der therapeutischen Hypnose die Kontrolle beh\u00e4lt, kann er diese auch jederzeit wieder beenden. Niemand kann gezwungen werden, in der Hypnose Dinge zu tun oder zu sagen, die er im Wachzustand ablehnen w\u00fcrde.<br \/>\n[\/et_pb_accordion_item][et_pb_accordion_item title=&#8220;Schlafe ich w\u00e4hrend der Hypnose?&#8220; open=&#8220;off&#8220; _builder_version=&#8220;3.7&#8243; title_text_shadow_horizontal_length=&#8220;0em&#8220; title_text_shadow_vertical_length=&#8220;0em&#8220; title_text_shadow_blur_strength=&#8220;0em&#8220; body_text_shadow_horizontal_length=&#8220;0em&#8220; body_text_shadow_vertical_length=&#8220;0em&#8220; body_text_shadow_blur_strength=&#8220;0em&#8220;]Nein!<br \/>\n[\/et_pb_accordion_item][et_pb_accordion_item title=&#8220;Sp\u00fcre ich die Hypnose an meinem K\u00f6rper?&#8220; open=&#8220;off&#8220; _builder_version=&#8220;3.7&#8243; title_text_shadow_horizontal_length=&#8220;0em&#8220; title_text_shadow_vertical_length=&#8220;0em&#8220; title_text_shadow_blur_strength=&#8220;0em&#8220; body_text_shadow_horizontal_length=&#8220;0em&#8220; body_text_shadow_vertical_length=&#8220;0em&#8220; body_text_shadow_blur_strength=&#8220;0em&#8220;]<\/p>\n<p>Jeder Mensch empfindet den Zustand der Tiefenentspannung anders. Manche f\u00fchlen eine W\u00e4rme, Schwere oder Leichtigkeit. Allesamt sp\u00fcren die Entspannung in den Muskeln von Kopf bis Fuss.<\/p>\n<p>[\/et_pb_accordion_item][et_pb_accordion_item title=&#8220;Funktioniert Hypnose bei mir?&#8220; open=&#8220;off&#8220; _builder_version=&#8220;3.7&#8243; title_text_shadow_horizontal_length=&#8220;0em&#8220; title_text_shadow_vertical_length=&#8220;0em&#8220; title_text_shadow_blur_strength=&#8220;0em&#8220; body_text_shadow_horizontal_length=&#8220;0em&#8220; body_text_shadow_vertical_length=&#8220;0em&#8220; body_text_shadow_blur_strength=&#8220;0em&#8220;]<\/p>\n<p>Die Hypnose nutzt die Kraft der Vorstellung. Jeder, der sich etwas vorstellen kann und in der Lage ist, sich zu konzentrieren, kann auch hypnotisiert werden. Kinder sind aufgrund ihrer Fantasie und Offenheit ganz besonders empf\u00e4nglich und fasziniert von der Hypnose.<\/p>\n<p>[\/et_pb_accordion_item][et_pb_accordion_item title=&#8220;Wie lange gibt es schon Hypnose?&#8220; open=&#8220;off&#8220; _builder_version=&#8220;3.7&#8243; title_text_shadow_horizontal_length=&#8220;0em&#8220; title_text_shadow_vertical_length=&#8220;0em&#8220; title_text_shadow_blur_strength=&#8220;0em&#8220; body_text_shadow_horizontal_length=&#8220;0em&#8220; body_text_shadow_vertical_length=&#8220;0em&#8220; body_text_shadow_blur_strength=&#8220;0em&#8220;]<\/p>\n<p><strong>Kurze Geschichte der Hypnose und einige der gro\u00dfartigen Hypnose Pioniere<\/strong><\/p>\n<p>500 v. Chr. best\u00e4tigen Berichte aus \u00c4gypten, dass Hypnose bereits damals angewandt wurde.<\/p>\n<p><strong>Paracelsus <\/strong>(1493-1541) ein schweizer-\u00f6sterreichischer Arzt aus Einsiedeln. Er glaubte bereits an die positive Wirkung von Suggestionen und war mit der Annahme dass der beste Arzt der eigene &#8222;innere Arzt&#8220; war, seiner Zeit weit voraus.<\/p>\n<p><strong>James Brait <\/strong>(1795-1860) ein schottischer Chirurg setze die Hypnose zur An\u00e4sthesie bei zahlreichen Operationen ein. Der Heilungsverlauf war besser als jede andere Form der An\u00e4sthesie.<\/p>\n<p><strong>Emile Cou\u00e9 <\/strong>(1857-1926) war ein franz\u00f6sischerApotheker und Autor,\u00a0sowie Begr\u00fcnder der modernen, bewussten Autosuggestion. Als Apotheker stellte er fest, wie wichtig es war, den Kunden eine positive Anmerkung mitzugeben, wenn Sie ihre Medikamente abholten. Er stellte fest, dass Medikamente eine bessere Wirkung aufwiesen, wenn er seinen Kunden sagte &#8222;Mit diesem Medikament werden Sie sicher ganz schnell gesund&#8220;.<\/p>\n<p><strong>Sigmund Freud <\/strong>(1856-1939) war ein \u00f6sterreichischer Neurologe, Tiefenpsychologe, Kulturtheoretiker und Religionskritiker. Freud hat das menschliche Unterbewusstsein als Erster wissenschaftlich erforscht und ist der Begr\u00fcnder der Psychoanalyse.<\/p>\n<p><strong>Milton Erickson<\/strong> (1901-1980) war ein amerikanischer Psychiater, Psychologe und Psychotherapeut, der die moderne Hypnose und Hypnotherapie ma\u00dfgeblich pr\u00e4gte und ihren Einsatz in der Psychotherapie f\u00f6rderte. Er bekr\u00e4ftigte die Rolle des Unterbewusstseins und dessen unersch\u00f6pfliche Ressource zur kreativen Selbstheilung. Erickson war bekannt f\u00fcr seine Arbeit mit Metaphern und Geschichten mit denen er das Unbewusste des Klienten zur aktiven Mitarbeit anregte.<\/p>\n<p>Mit eine zahlreichen wissenschaftlichen Ver\u00f6ffentlichungen hat er das Denken betreffend der Hypnose entscheidend revolutioniert.<\/p>\n<p>[\/et_pb_accordion_item][\/et_pb_accordion][\/et_pb_column][\/et_pb_row][\/et_pb_section][et_pb_section fb_built=&#8220;1&#8243; module_id=&#8220;kontakt&#8220; _builder_version=&#8220;3.7&#8243; background_color=&#8220;#67bfb5&#8243; global_module=&#8220;219&#8243;][et_pb_row _builder_version=&#8220;3.7&#8243; border_radii=&#8220;on|30px|30px|30px|30px&#8220; module_alignment=&#8220;center&#8220;][et_pb_column type=&#8220;1_3&#8243; _builder_version=&#8220;3.0.47&#8243; parallax=&#8220;off&#8220; parallax_method=&#8220;on&#8220;][et_pb_text _builder_version=&#8220;3.7&#8243; header_text_color=&#8220;#ffffff&#8220; background_layout=&#8220;dark&#8220;]<\/p>\n<h2>Kontakt<\/h2>\n<p>[\/et_pb_text][et_pb_text _builder_version=&#8220;3.7&#8243; text_text_color=&#8220;#ffffff&#8220; background_layout=&#8220;dark&#8220;]<\/p>\n<p>ViaMental<br \/>Signalstrasse 17<br \/>9400 Rorschach<br \/>Tel.: <a style=\"color: white;\" href=\"+41 71 333 27 19\">+41 71 333 27 19<\/a><br \/>Mail: <a style=\"color: white;\" href=\"mailto:info@viamental.ch\">info@viamental.ch<\/a><\/p>\n<p>[\/et_pb_text][\/et_pb_column][et_pb_column type=&#8220;2_3&#8243; _builder_version=&#8220;3.0.47&#8243; parallax=&#8220;off&#8220; parallax_method=&#8220;on&#8220;][et_pb_image src=&#8220;https:\/\/viamental.ch\/wp-content\/uploads\/2018\/11\/map.jpg&#8220; _builder_version=&#8220;3.7&#8243;][\/et_pb_image][\/et_pb_column][\/et_pb_row][\/et_pb_section]<\/p>\n","protected":false},"excerpt":{"rendered":"<p>&#8222;Der Anfang ist die H\u00e4lfte des Ganzen&#8220; Aristoteles Hypnose ist ein Zustand der Tiefenentspannung welche M\u00f6glichkeiten schafft, das Tor zu unserem Unterbewusstsein zu \u00f6ffnen und so W\u00fcnsche und Ziele durch Selbsthilfe und Selbstheilung besser erreichen zu k\u00f6nnen. Tiefenentspannung &#8211; Hypnose ist eine Methode zur Kommunikation mit unserem Unterbewusstsein. Mittels Tiefenentspannung gelingt es, kraftvolle innere Ressourcen [&hellip;]<\/p>\n","protected":false},"author":2,"featured_media":0,"parent":0,"menu_order":0,"comment_status":"closed","ping_status":"closed","template":"","meta":{"_et_pb_use_builder":"on","_et_pb_old_content":"","_et_gb_content_width":""},"_links":{"self":[{"href":"https:\/\/viamental.ch\/index.php\/wp-json\/wp\/v2\/pages\/105"}],"collection":[{"href":"https:\/\/viamental.ch\/index.php\/wp-json\/wp\/v2\/pages"}],"about":[{"href":"https:\/\/viamental.ch\/index.php\/wp-json\/wp\/v2\/types\/page"}],"author":[{"embeddable":true,"href":"https:\/\/viamental.ch\/index.php\/wp-json\/wp\/v2\/users\/2"}],"replies":[{"embeddable":true,"href":"https:\/\/viamental.ch\/index.php\/wp-json\/wp\/v2\/comments?post=105"}],"version-history":[{"count":35,"href":"https:\/\/viamental.ch\/index.php\/wp-json\/wp\/v2\/pages\/105\/revisions"}],"predecessor-version":[{"id":473,"href":"https:\/\/viamental.ch\/index.php\/wp-json\/wp\/v2\/pages\/105\/revisions\/473"}],"wp:attachment":[{"href":"https:\/\/viamental.ch\/index.php\/wp-json\/wp\/v2\/media?parent=105"}],"curies":[{"name":"wp","href":"https:\/\/api.w.org\/{rel}","templated":true}]}}